{"id":1448,"date":"2021-12-28T06:10:47","date_gmt":"2021-12-28T06:10:47","guid":{"rendered":"https:\/\/deltatm.net\/politique-de-cookies\/"},"modified":"2021-12-28T06:10:50","modified_gmt":"2021-12-28T06:10:50","slug":"politique-de-cookies","status":"publish","type":"page","link":"https:\/\/deltatm.net\/fr\/politique-de-cookies\/","title":{"rendered":"Politique de cookies"},"content":{"rendered":"\n<p>Conform\u00e9ment \u00e0 l&rsquo;article 22 de la loi 34\/2002 du 11 juillet relative aux services de la soci\u00e9t\u00e9 de l&rsquo;information et au commerce \u00e9lectronique (LSSI), en relation avec le r\u00e8glement (UE) 2016\/679 du Parlement europ\u00e9en et du Conseil du 27 avril 2016 , Protection g\u00e9n\u00e9rale des donn\u00e9es (RGPD) et loi organique 3\/2018, du 5 d\u00e9cembre, Protection des donn\u00e9es et garantie des droits num\u00e9riques (LOPDGDD), Delta Technical Management SL. met la politique de collecte et de traitement des cookies du site Web \u00e0 la disposition des utilisateurs.<\/p>\n\n<p>Que sont les cookies<\/p>\n\n<p>Un cookie est un fichier qui est t\u00e9l\u00e9charg\u00e9 sur votre ordinateur lorsque vous acc\u00e9dez \u00e0 certaines pages Web. Les cookies permettent, entre autres, \u00e0 une page Web de stocker et de r\u00e9cup\u00e9rer des informations sur vos habitudes de navigation et &#8211; en fonction des informations qu&rsquo;ils contiennent et de la mani\u00e8re dont vous utilisez votre \u00e9quipement &#8211; ils peuvent \u00eatre utilis\u00e9s pour vous identifier.<\/p>\n\n<p>Cookies utilis\u00e9s sur le site<\/p>\n\n<p>Les cookies utilis\u00e9s par le site <a href=\"https:\/\/deltatm.net\/fr\/?page_id=1448\">https:\/\/deltatm.net<\/a> sont class\u00e9s ci-dessous :<\/p>\n\n<p><strong>Selon l&rsquo;entit\u00e9 qui les g\u00e8re<\/strong><\/p>\n\n<ul class=\"wp-block-list\"><li><strong>Cookies propres :<\/strong> Ce sont ceux qui sont envoy\u00e9s et g\u00e9r\u00e9s directement par Delta Technical Management SL..<\/li><li><strong>Cookies tiers :<\/strong> Ce sont ceux qui sont envoy\u00e9s \u00e0 l&rsquo;utilisateur \u00e0 partir d&rsquo;un domaine autre que Delta Technical Management SL ..<\/li><\/ul>\n\n<p><strong>Selon son objectif<\/strong><\/p>\n\n<ul class=\"wp-block-list\"><li><strong>Cookies techniques :<\/strong> Ce sont ceux qui permettent aux utilisateurs enregistr\u00e9s de naviguer sur le site Web, la zone restreinte et d&rsquo;utiliser ses diff\u00e9rentes fonctions, telles que le syst\u00e8me de commentaires ou le moteur de recherche.<\/li><li><strong>Cookies de personnalisation :<\/strong> Ce sont ceux qui permettent aux utilisateurs d&rsquo;acc\u00e9der au Service avec certaines caract\u00e9ristiques g\u00e9n\u00e9rales pr\u00e9d\u00e9finies sur la base d&rsquo;une s\u00e9rie de crit\u00e8res \u00e9tablis par l&rsquo;utilisateur, tels que la langue ou le type de navigateur via lequel ils se connectent \u00e0 ce site Web. .<\/li><li><strong>Cookies d&rsquo;analyse ou de mesure :<\/strong> Ce sont ceux qui, bien trait\u00e9s par le site ou par des tiers, permettent de quantifier le nombre d&rsquo;utilisateurs et ainsi effectuer la mesure et l&rsquo;analyse statistique de l&rsquo;utilisation faite par les utilisateurs du site. Pour cela, la navigation que vous effectuez sur ce site est analys\u00e9e afin de l&rsquo;am\u00e9liorer.<\/li><\/ul>\n\n<p><strong>Selon sa dur\u00e9e<\/strong><\/p>\n\n<ul class=\"wp-block-list\"><li><strong>Cookies de session :<\/strong> Ce sont ceux con\u00e7us pour collecter et stocker des donn\u00e9es pendant que l&rsquo;utilisateur acc\u00e8de au site Web.<\/li><li><strong>Cookies persistants :<\/strong> Ce sont ceux dans lesquels les donn\u00e9es sont encore stock\u00e9es dans le terminal de l&rsquo;utilisateur et peuvent \u00eatre consult\u00e9es et trait\u00e9es pendant une dur\u00e9e d\u00e9finie par le responsable du cookie.<\/li><\/ul>\n\n<p>Liste des cookies utilis\u00e9s<\/p>\n\n<p>Ce site Web peut installer les cookies suivants :<\/p>\n\n<p><strong>Cookies techniques<\/strong><\/p>\n\n<ul class=\"wp-block-list\"><li><strong>wp-param\u00e8tres-<\/strong>{user_id} <strong>:<\/strong> Cookie technique qui est utilis\u00e9 pour maintenir la configuration de l&rsquo;utilisateur dans wp-admin. Il est persistant et dure 1 an.<\/li><li><strong>hasConsent :<\/strong> Cookie technique qui stocke le consentement de l&rsquo;utilisateur. Il est persistant et dure 1 an.<\/li><\/ul>\n\n<p><strong>Cookies d&rsquo;analyse ou de mesure<\/strong><\/p>\n\n<ul class=\"wp-block-list\"><li><strong>_ga :<\/strong> Cookie analytique qui permet le contr\u00f4le des visites uniques. Il est persistant et dure 2 ans.<\/li><li><strong>_gat :<\/strong> Cookie analytique pour limiter le nombre de requ\u00eates. Sa port\u00e9e est la s\u00e9ance et elle dure 1 minute.<\/li><li><strong>_gid\u00a0:<\/strong> Cookie analytique pour distinguer les utilisateurs. Sa port\u00e9e est la session et a une dur\u00e9e de 24 heures.<\/li><\/ul>\n\n<p>Information compl\u00e9mentaire:<\/p>\n\n<ul class=\"wp-block-list\"><li>Google Analytics peut installer d&rsquo;autres cookies conform\u00e9ment au document <a href=\"https:\/\/developers.google.com\/analytics\/devguides\/collection\/analyticsjs\/cookie-usage?hl=es\" target=\"_blank\" rel=\"noopener\">Utilisation des cookies de Google Analytics sur les sites Web<\/a> .<\/li><\/ul>\n\n<p>Le site peut installer d&rsquo;autres cookies :<\/p>\n\n<p>wordpress_test_cookie<br\/>wp-settings- *<\/p>\n\n<p>Acceptation ou refus de l&rsquo;installation de cookies<\/p>\n\n<p>Delta Technical Management SL affiche des informations sur sa politique en mati\u00e8re de cookies dans la banni\u00e8re de cookies accessible sur toutes les pages du site Web. Le bandeau cookie affiche des informations essentielles sur le traitement des donn\u00e9es et permet \u00e0 l&rsquo;utilisateur d&rsquo;effectuer les actions suivantes :<\/p>\n\n<ul class=\"wp-block-list\"><li><strong>Accepter ou refuser l&rsquo;installation de cookies<\/strong> , ou retirer le consentement pr\u00e9c\u00e9demment accord\u00e9.<\/li><li><strong>Modifiez les pr\u00e9f\u00e9rences en mati\u00e8re de cookies<\/strong> \u00e0 partir de la page <a href=\"https:\/\/deltatm.net\/fr\/?page_id=1381\">Personnaliser les cookies<\/a> , \u00e0 laquelle vous pouvez acc\u00e9der \u00e0 partir de l&rsquo;Avis sur les cookies.<\/li><li><strong>Obtenez des informations suppl\u00e9mentaires<\/strong> sur la politique de cookies \u00e0 partir de la page <a href=\"https:\/\/deltatm.net\/fr\/?page_id=1448\">Politique<\/a> de cookies.<\/li><\/ul>\n\n<p>\u00c9limination des cookies<\/p>\n\n<p>Vous pouvez accepter, bloquer ou supprimer les cookies install\u00e9s sur votre ordinateur en configurant les options de votre navigateur, mais une partie du site ne fonctionnera pas correctement ou sa qualit\u00e9 pourra \u00eatre affect\u00e9e.<\/p>\n\n<p>Dans les liens suivants, vous trouverez des instructions pour activer ou d\u00e9sactiver les cookies dans les navigateurs les plus courants.<\/p>\n\n<ul class=\"wp-block-list\"><li><strong>Firefox<\/strong> <a href=\"http:\/\/support.mozilla.org\/es\/kb\/habilitar-y-deshabilitar-cookies-que-los-sitios-we\" target=\"_blank\" rel=\"noopener\">http:\/\/support.mozilla.org\/es\/kb\/habilitar-y-deshabilitar-cookies-que-los-sitios-we<\/a><\/li><li><strong>Google Chrome<\/strong> <a href=\"https:\/\/support.google.com\/chrome\/answer\/95647?hl=es\" target=\"_blank\" rel=\"noopener\">https:\/\/support.google.com\/chrome\/answer\/95647?hl=es<\/a><\/li><li><strong>Internet Explorer<\/strong> <a href=\"https:\/\/support.microsoft.com\/es-es\/help\/17442\/windows-internet-explorer-delete-manage-cookies#ie=%22ie-10%22\" target=\"_blank\" rel=\"noopener\">https:\/\/support.microsoft.com\/es-es\/help\/17442\/windows-internet-explorer-delete-manage-cookies#ie=\u00a0\u00bbie-10 \u00ab\u00a0<\/a><\/li><li><strong>Microsoft Edge<\/strong> <a href=\"https:\/\/support.microsoft.com\/es-es\/help\/4468242\/microsoft-edge-browsing-data-and-privacy\" target=\"_blank\" rel=\"noopener\">https:\/\/support.microsoft.com\/es-es\/help\/4468242\/microsoft-edge-browsing-data-and-privacy<\/a><\/li><li><strong>Safari<\/strong> <a href=\"http:\/\/support.apple.com\/kb\/HT1677?viewlocale=es_ES\" target=\"_blank\" rel=\"noopener\">http:\/\/support.apple.com\/kb\/HT1677?viewlocale=es_ES<\/a><\/li><\/ul>\n\n<p>Traitement des donn\u00e9es personnelles<\/p>\n\n<p>Delta Technical Management SL est responsable du traitement des donn\u00e9es personnelles de l&rsquo;utilisateur. Vous pouvez consulter toutes les informations concernant le traitement des donn\u00e9es personnelles que le Propri\u00e9taire collecte sur la page <a href=\"https:\/\/deltatm.net\/politica-de-privacidad\/\">Politique de confidentialit\u00e9<\/a> .<\/p>\n\n<p>Contact<\/p>\n\n<p>Si vous avez des questions sur cette politique de cookies ou si vous souhaitez faire des commentaires sur ce site Web, vous pouvez envoyer un e-mail \u00e0 l&rsquo;adresse info@deltatm.net.<\/p>\n\n<p>DELTA TECHNICAL MANAGEMENT SL, \u00e0 travers ce document, recueille sa politique de collecte et de traitement des cookies, conform\u00e9ment aux dispositions de l&rsquo;article 22.2 de la loi 34\/2002 du 11 juillet sur les services de la soci\u00e9t\u00e9 de l&rsquo;information et le commerce \u00e9lectronique (LSSICE).<\/p>\n\n<p>Des cookies sont d\u00e9pos\u00e9s sur l&rsquo;\u00e9quipement terminal de l&rsquo;utilisateur (ordinateur ou appareil mobile) et collectent des informations lors de la visite du site www.dreamsunspain.com, afin d&rsquo;am\u00e9liorer leur convivialit\u00e9, de conna\u00eetre les habitudes de navigation ou les besoins des utilisateurs pour pouvoir s&rsquo;adapter \u00e0 eux, ainsi que d&rsquo;obtenir des informations \u00e0 des fins statistiques. Dans le cas des utilisateurs d\u00e9j\u00e0 clients de l&rsquo;entit\u00e9, les informations collect\u00e9es avec les cookies serviront \u00e9galement \u00e0 leur identification lors de l&rsquo;acc\u00e8s aux diff\u00e9rents outils que l&rsquo;entit\u00e9 met \u00e0 leur disposition pour g\u00e9rer les services.<\/p>\n\n<p>Cette politique de cookies sera applicable aux utilisateurs qui visitent volontairement les pages Web de l&rsquo;entit\u00e9, remplissent des formulaires de collecte de donn\u00e9es, acc\u00e8dent aux outils que l&rsquo;entit\u00e9 met \u00e0 la disposition de ses clients pour g\u00e9rer ses services ou utilisent tout autre service pr\u00e9sent sur le site Web qui implique la communication de donn\u00e9es \u00e0 l&rsquo;entit\u00e9, ou l&rsquo;acc\u00e8s aux donn\u00e9es par l&rsquo;entit\u00e9, pour la fourniture de ses services.<\/p>\n\n<p>L&rsquo;entit\u00e9 informe les utilisateurs de ses pages Web de l&rsquo;existence de cookies et met cette Politique \u00e0 leur disposition afin de les informer de leur utilisation et de leur finalit\u00e9. Le fait de continuer \u00e0 parcourir ses pages implique la connaissance et l&rsquo;acceptation de la pr\u00e9sente Politique par lesdits utilisateurs.<\/p>\n\n<p>DELTA TECHNICAL MANAGEMENT SL utilise les types de cookies suivants :<\/p>\n\n<p>Class\u00e9 par propri\u00e9t\u00e9\u00a0:<\/p>\n\n<p> * Cookies propres : envoy\u00e9s et g\u00e9r\u00e9s directement par l&rsquo;entit\u00e9.<\/p>\n\n<p> * Cookies tiers : envoy\u00e9s et g\u00e9r\u00e9s par un tiers ext\u00e9rieur \u00e0 l&rsquo;entit\u00e9, de mani\u00e8re anonyme, afin de r\u00e9aliser des \u00e9tudes statistiques de navigation \u00e0 travers les pages Web de l&rsquo;entit\u00e9.<\/p>\n\n<p>Class\u00e9s par objectif\u00a0:<\/p>\n\n<p> * Cookies techniques et\/ou de personnalisation : ils facilitent la navigation, en identifiant la session, permettent l&rsquo;acc\u00e8s \u00e0 des outils \u00e0 acc\u00e8s restreint, en plus de personnaliser les options disponibles. Ils permettent de fournir le service pr\u00e9alablement demand\u00e9 par l&rsquo;utilisateur.<\/p>\n\n<p> * Cookies d&rsquo;analyse et\/ou publicitaires : ils permettent de conna\u00eetre le nombre de visites re\u00e7ues dans les diff\u00e9rentes sections des pages Web, les habitudes et tendances de ses utilisateurs et par cons\u00e9quent, de pouvoir am\u00e9liorer la navigation et le service offert par l&rsquo;entit\u00e9 ( fondamentalement, Google Analytics), ainsi que la gestion des espaces publicitaires inclus dans le site Web visit\u00e9 par l&rsquo;utilisateur. Il collecte des donn\u00e9es de mani\u00e8re anonyme afin d&rsquo;obtenir des profils de navigation des utilisateurs.<\/p>\n\n<p>Class\u00e9s selon leur dur\u00e9e :<\/p>\n\n<p> * Cookies de session : collectent et stockent des donn\u00e9es pendant que l&rsquo;utilisateur acc\u00e8de au site Web.<\/p>\n\n<p> * Cookies persistants : collectent et stockent des donn\u00e9es dans le terminal de l&rsquo;utilisateur pendant une dur\u00e9e variable selon la finalit\u00e9 pour laquelle elles ont \u00e9t\u00e9 utilis\u00e9es.<\/p>\n\n<p>La dur\u00e9e de conservation des cookies d\u00e9pendra du type en question et sera toujours le minimum n\u00e9cessaire pour remplir leur finalit\u00e9.<\/p>\n\n<p>Dans tous les cas, l&rsquo;utilisateur peut configurer son navigateur de mani\u00e8re \u00e0 ce que la r\u00e9ception de tout ou partie des cookies soit d\u00e9sactiv\u00e9e ou bloqu\u00e9e. Le fait de ne pas souhaiter recevoir ces cookies ne constitue pas un obstacle \u00e0 l&rsquo;acc\u00e8s aux informations sur les sites Internet de l&rsquo;entit\u00e9, bien que l&rsquo;utilisation de certains services puisse \u00eatre limit\u00e9e. Si une fois le consentement accord\u00e9 pour la r\u00e9ception de cookies, il est souhait\u00e9 de le retirer, ceux stock\u00e9s sur l&rsquo;ordinateur de l&rsquo;utilisateur doivent \u00eatre \u00e9limin\u00e9s, via les options des diff\u00e9rents navigateurs.<\/p>\n\n<p>La mani\u00e8re de configurer les diff\u00e9rents navigateurs pour exercer les actions indiqu\u00e9es dans les paragraphes pr\u00e9c\u00e9dents peut \u00eatre consult\u00e9e \u00e0 l&rsquo;adresse :<\/p>\n\n<p> * Explorateur\u00a0: http:\/\/windows.microsoft.com\/es-es\/windows7\/how-to-manage-cookies-in-internet-explorer-9<\/p>\n\n<p> * Chrome\u00a0: https:\/\/support.google.com\/chrome\/answer\/95647?hl=es<\/p>\n\n<p> * Firefox : http:\/\/support.mozilla.org\/es\/kb\/cookies-informacion-que-los-sitios-web-guardan-en-?redirectlocale=en-US&amp;redirectslug=Cookies<\/p>\n","protected":false},"excerpt":{"rendered":"<p>Conform\u00e9ment \u00e0 l&rsquo;article 22 de la loi 34\/2002 du 11 juillet relative aux services de la soci\u00e9t\u00e9 de l&rsquo;information et au commerce \u00e9lectronique (LSSI), en relation avec le r\u00e8glement (UE) 2016\/679 du Parlement europ\u00e9en et du Conseil du 27 avril 2016 , Protection g\u00e9n\u00e9rale des donn\u00e9es (RGPD) et loi organique 3\/2018, du 5 d\u00e9cembre, Protection [&hellip;]<\/p>\n","protected":false},"author":1,"featured_media":0,"parent":0,"menu_order":0,"comment_status":"closed","ping_status":"closed","template":"","meta":{"footnotes":""},"class_list":["post-1448","page","type-page","status-publish","hentry"],"_links":{"self":[{"href":"https:\/\/deltatm.net\/fr\/wp-json\/wp\/v2\/pages\/1448","targetHints":{"allow":["GET"]}}],"collection":[{"href":"https:\/\/deltatm.net\/fr\/wp-json\/wp\/v2\/pages"}],"about":[{"href":"https:\/\/deltatm.net\/fr\/wp-json\/wp\/v2\/types\/page"}],"author":[{"embeddable":true,"href":"https:\/\/deltatm.net\/fr\/wp-json\/wp\/v2\/users\/1"}],"replies":[{"embeddable":true,"href":"https:\/\/deltatm.net\/fr\/wp-json\/wp\/v2\/comments?post=1448"}],"version-history":[{"count":2,"href":"https:\/\/deltatm.net\/fr\/wp-json\/wp\/v2\/pages\/1448\/revisions"}],"predecessor-version":[{"id":1454,"href":"https:\/\/deltatm.net\/fr\/wp-json\/wp\/v2\/pages\/1448\/revisions\/1454"}],"wp:attachment":[{"href":"https:\/\/deltatm.net\/fr\/wp-json\/wp\/v2\/media?parent=1448"}],"curies":[{"name":"wp","href":"https:\/\/api.w.org\/{rel}","templated":true}]}}