{"id":1401,"date":"2021-12-28T06:10:39","date_gmt":"2021-12-28T06:10:39","guid":{"rendered":"https:\/\/deltatm.net\/nouvelle-construction\/"},"modified":"2025-10-03T12:13:10","modified_gmt":"2025-10-03T10:13:10","slug":"nouvelle-construction","status":"publish","type":"page","link":"https:\/\/deltatm.net\/fr\/nouvelle-construction\/","title":{"rendered":"Nouvelle construction"},"content":{"rendered":"\t\t<div data-elementor-type=\"wp-page\" data-elementor-id=\"1401\" class=\"elementor elementor-1401 elementor-135\" data-elementor-post-type=\"page\">\n\t\t\t\t\t\t<section class=\"elementor-section elementor-top-section elementor-element elementor-element-d64b631 elementor-section-height-min-height elementor-section-boxed elementor-section-height-default elementor-section-items-middle\" data-id=\"d64b631\" data-element_type=\"section\" data-e-type=\"section\" data-settings=\"{&quot;background_background&quot;:&quot;classic&quot;}\">\n\t\t\t\t\t\t\t<div class=\"elementor-background-overlay\"><\/div>\n\t\t\t\t\t\t\t<div class=\"elementor-container elementor-column-gap-default\">\n\t\t\t\t\t<div class=\"elementor-column elementor-col-100 elementor-top-column elementor-element elementor-element-68c36b9\" data-id=\"68c36b9\" data-element_type=\"column\" data-e-type=\"column\">\n\t\t\t<div class=\"elementor-widget-wrap elementor-element-populated\">\n\t\t\t\t\t\t<section class=\"elementor-section elementor-inner-section elementor-element elementor-element-4527f3f elementor-section-boxed elementor-section-height-default elementor-section-height-default\" data-id=\"4527f3f\" data-element_type=\"section\" data-e-type=\"section\">\n\t\t\t\t\t\t<div class=\"elementor-container elementor-column-gap-default\">\n\t\t\t\t\t<div class=\"elementor-column elementor-col-100 elementor-inner-column elementor-element elementor-element-eb4d2f8\" data-id=\"eb4d2f8\" data-element_type=\"column\" data-e-type=\"column\">\n\t\t\t<div class=\"elementor-widget-wrap elementor-element-populated\">\n\t\t\t\t\t\t<div class=\"elementor-element elementor-element-ce9ff6c elementor-widget elementor-widget-heading\" data-id=\"ce9ff6c\" data-element_type=\"widget\" data-e-type=\"widget\" data-widget_type=\"heading.default\">\n\t\t\t\t<div class=\"elementor-widget-container\">\n\t\t\t\t\t<h1 class=\"elementor-heading-title elementor-size-default\">NOUVELLES \u0152UVRES<\/h1>\t\t\t\t<\/div>\n\t\t\t\t<\/div>\n\t\t\t\t\t<\/div>\n\t\t<\/div>\n\t\t\t\t\t<\/div>\n\t\t<\/section>\n\t\t\t\t<div class=\"elementor-element elementor-element-12c70c6 elementor-widget-divider--view-line elementor-widget elementor-widget-divider\" data-id=\"12c70c6\" data-element_type=\"widget\" data-e-type=\"widget\" data-widget_type=\"divider.default\">\n\t\t\t\t<div class=\"elementor-widget-container\">\n\t\t\t\t\t\t\t<div class=\"elementor-divider\">\n\t\t\t<span class=\"elementor-divider-separator\">\n\t\t\t\t\t\t<\/span>\n\t\t<\/div>\n\t\t\t\t\t\t<\/div>\n\t\t\t\t<\/div>\n\t\t\t\t\t<\/div>\n\t\t<\/div>\n\t\t\t\t\t<\/div>\n\t\t<\/section>\n\t\t\t\t<section class=\"elementor-section elementor-top-section elementor-element elementor-element-78aea8a elementor-section-content-top elementor-section-boxed elementor-section-height-default elementor-section-height-default\" data-id=\"78aea8a\" data-element_type=\"section\" data-e-type=\"section\" data-settings=\"{&quot;background_background&quot;:&quot;classic&quot;,&quot;background_motion_fx_motion_fx_scrolling&quot;:&quot;yes&quot;,&quot;background_motion_fx_translateY_effect&quot;:&quot;yes&quot;,&quot;background_motion_fx_translateY_speed&quot;:{&quot;unit&quot;:&quot;px&quot;,&quot;size&quot;:4,&quot;sizes&quot;:[]},&quot;background_motion_fx_translateY_affectedRange&quot;:{&quot;unit&quot;:&quot;%&quot;,&quot;size&quot;:&quot;&quot;,&quot;sizes&quot;:{&quot;start&quot;:0,&quot;end&quot;:100}},&quot;background_motion_fx_devices&quot;:[&quot;desktop&quot;,&quot;tablet&quot;,&quot;mobile&quot;]}\">\n\t\t\t\t\t\t<div class=\"elementor-container elementor-column-gap-default\">\n\t\t\t\t\t<div class=\"elementor-column elementor-col-100 elementor-top-column elementor-element elementor-element-3481cff\" data-id=\"3481cff\" data-element_type=\"column\" data-e-type=\"column\">\n\t\t\t<div class=\"elementor-widget-wrap elementor-element-populated\">\n\t\t\t\t\t\t<div class=\"elementor-element elementor-element-eaff394 elementor-widget elementor-widget-text-editor\" data-id=\"eaff394\" data-element_type=\"widget\" data-e-type=\"widget\" data-widget_type=\"text-editor.default\">\n\t\t\t\t<div class=\"elementor-widget-container\">\n\t\t\t\t\t\t\t\t\t<h2>\u00ab\u00a0Nous proposons des solutions adapt\u00e9es aux besoins sp\u00e9cifiques de chaque projet, qu&rsquo;il s&rsquo;agisse d&rsquo;une r\u00e9novation compl\u00e8te ou d&rsquo;une nouvelle construction.<\/h2>\n\t\t\t\t\t\t\t\t<\/div>\n\t\t\t\t<\/div>\n\t\t\t\t\t<\/div>\n\t\t<\/div>\n\t\t\t\t\t<\/div>\n\t\t<\/section>\n\t\t\t\t<section class=\"elementor-section elementor-top-section elementor-element elementor-element-3f39d1e elementor-section-content-top elementor-section-boxed elementor-section-height-default elementor-section-height-default\" data-id=\"3f39d1e\" data-element_type=\"section\" data-e-type=\"section\" data-settings=\"{&quot;background_background&quot;:&quot;classic&quot;,&quot;background_motion_fx_motion_fx_scrolling&quot;:&quot;yes&quot;,&quot;background_motion_fx_translateY_effect&quot;:&quot;yes&quot;,&quot;background_motion_fx_translateY_speed&quot;:{&quot;unit&quot;:&quot;px&quot;,&quot;size&quot;:4,&quot;sizes&quot;:[]},&quot;background_motion_fx_translateY_affectedRange&quot;:{&quot;unit&quot;:&quot;%&quot;,&quot;size&quot;:&quot;&quot;,&quot;sizes&quot;:{&quot;start&quot;:0,&quot;end&quot;:100}},&quot;background_motion_fx_devices&quot;:[&quot;desktop&quot;,&quot;tablet&quot;,&quot;mobile&quot;]}\">\n\t\t\t\t\t\t<div class=\"elementor-container elementor-column-gap-default\">\n\t\t\t\t\t<div class=\"elementor-column elementor-col-100 elementor-top-column elementor-element elementor-element-1dfc2a0\" data-id=\"1dfc2a0\" data-element_type=\"column\" data-e-type=\"column\">\n\t\t\t<div class=\"elementor-widget-wrap elementor-element-populated\">\n\t\t\t\t\t\t<div class=\"elementor-element elementor-element-6618f48 elementor-widget elementor-widget-gallery\" data-id=\"6618f48\" data-element_type=\"widget\" data-e-type=\"widget\" data-settings=\"{&quot;gallery_layout&quot;:&quot;justified&quot;,&quot;gap&quot;:{&quot;unit&quot;:&quot;px&quot;,&quot;size&quot;:8,&quot;sizes&quot;:[]},&quot;lazyload&quot;:&quot;yes&quot;,&quot;ideal_row_height&quot;:{&quot;unit&quot;:&quot;px&quot;,&quot;size&quot;:200,&quot;sizes&quot;:[]},&quot;ideal_row_height_tablet&quot;:{&quot;unit&quot;:&quot;px&quot;,&quot;size&quot;:150,&quot;sizes&quot;:[]},&quot;ideal_row_height_mobile&quot;:{&quot;unit&quot;:&quot;px&quot;,&quot;size&quot;:150,&quot;sizes&quot;:[]},&quot;gap_tablet&quot;:{&quot;unit&quot;:&quot;px&quot;,&quot;size&quot;:10,&quot;sizes&quot;:[]},&quot;gap_mobile&quot;:{&quot;unit&quot;:&quot;px&quot;,&quot;size&quot;:10,&quot;sizes&quot;:[]},&quot;link_to&quot;:&quot;file&quot;,&quot;overlay_background&quot;:&quot;yes&quot;,&quot;content_hover_animation&quot;:&quot;fade-in&quot;}\" data-widget_type=\"gallery.default\">\n\t\t\t\t<div class=\"elementor-widget-container\">\n\t\t\t\t\t\t\t<div class=\"elementor-gallery__container\">\n\t\t\t\t\t\t\t<a class=\"e-gallery-item elementor-gallery-item elementor-animated-content\" href=\"https:\/\/deltatm.net\/wp-content\/uploads\/2023\/04\/obra-nueva-deltatm00.jpg\" data-elementor-open-lightbox=\"yes\" data-elementor-lightbox-slideshow=\"6618f48\" data-elementor-lightbox-title=\"obra nueva-deltatm00\" data-e-action-hash=\"#elementor-action%3Aaction%3Dlightbox%26settings%3DeyJpZCI6MjQ4MSwidXJsIjoiaHR0cHM6XC9cL2RlbHRhdG0ubmV0XC93cC1jb250ZW50XC91cGxvYWRzXC8yMDIzXC8wNFwvb2JyYS1udWV2YS1kZWx0YXRtMDAuanBnIiwic2xpZGVzaG93IjoiNjYxOGY0OCJ9\">\n\t\t\t\t\t<div class=\"e-gallery-image elementor-gallery-item__image\" data-thumbnail=\"https:\/\/deltatm.net\/wp-content\/uploads\/2023\/04\/obra-nueva-deltatm00-768x512.jpg\" data-width=\"768\" data-height=\"512\" aria-label=\"Obra nueva\" role=\"img\" ><\/div>\n\t\t\t\t\t\t\t\t\t\t\t<div class=\"elementor-gallery-item__overlay\"><\/div>\n\t\t\t\t\t\t\t\t\t\t\t\t\t\t<\/a>\n\t\t\t\t\t\t\t<a class=\"e-gallery-item elementor-gallery-item elementor-animated-content\" href=\"https:\/\/deltatm.net\/wp-content\/uploads\/2023\/04\/obra-nueva-deltatm01.jpg\" data-elementor-open-lightbox=\"yes\" data-elementor-lightbox-slideshow=\"6618f48\" data-elementor-lightbox-title=\"obra nueva-deltatm01\" data-e-action-hash=\"#elementor-action%3Aaction%3Dlightbox%26settings%3DeyJpZCI6MjQ4NSwidXJsIjoiaHR0cHM6XC9cL2RlbHRhdG0ubmV0XC93cC1jb250ZW50XC91cGxvYWRzXC8yMDIzXC8wNFwvb2JyYS1udWV2YS1kZWx0YXRtMDEuanBnIiwic2xpZGVzaG93IjoiNjYxOGY0OCJ9\">\n\t\t\t\t\t<div class=\"e-gallery-image elementor-gallery-item__image\" data-thumbnail=\"https:\/\/deltatm.net\/wp-content\/uploads\/2023\/04\/obra-nueva-deltatm01-768x547.jpg\" data-width=\"768\" data-height=\"547\" aria-label=\"\" role=\"img\" ><\/div>\n\t\t\t\t\t\t\t\t\t\t\t<div class=\"elementor-gallery-item__overlay\"><\/div>\n\t\t\t\t\t\t\t\t\t\t\t\t\t\t<\/a>\n\t\t\t\t\t\t\t<a class=\"e-gallery-item elementor-gallery-item elementor-animated-content\" href=\"https:\/\/deltatm.net\/wp-content\/uploads\/2023\/04\/obra-nueva-deltatm02.jpg\" data-elementor-open-lightbox=\"yes\" data-elementor-lightbox-slideshow=\"6618f48\" data-elementor-lightbox-title=\"obra nueva-deltatm02\" data-e-action-hash=\"#elementor-action%3Aaction%3Dlightbox%26settings%3DeyJpZCI6MjQ4OSwidXJsIjoiaHR0cHM6XC9cL2RlbHRhdG0ubmV0XC93cC1jb250ZW50XC91cGxvYWRzXC8yMDIzXC8wNFwvb2JyYS1udWV2YS1kZWx0YXRtMDIuanBnIiwic2xpZGVzaG93IjoiNjYxOGY0OCJ9\">\n\t\t\t\t\t<div class=\"e-gallery-image elementor-gallery-item__image\" data-thumbnail=\"https:\/\/deltatm.net\/wp-content\/uploads\/2023\/04\/obra-nueva-deltatm02-768x576.jpg\" data-width=\"768\" data-height=\"576\" aria-label=\"Obra Nueva\" role=\"img\" ><\/div>\n\t\t\t\t\t\t\t\t\t\t\t<div class=\"elementor-gallery-item__overlay\"><\/div>\n\t\t\t\t\t\t\t\t\t\t\t\t\t\t<\/a>\n\t\t\t\t\t\t\t<a class=\"e-gallery-item elementor-gallery-item elementor-animated-content\" href=\"https:\/\/deltatm.net\/wp-content\/uploads\/2023\/04\/obra-nueva-deltatm04.jpg\" data-elementor-open-lightbox=\"yes\" data-elementor-lightbox-slideshow=\"6618f48\" data-elementor-lightbox-title=\"obra nueva-deltatm04\" data-e-action-hash=\"#elementor-action%3Aaction%3Dlightbox%26settings%3DeyJpZCI6MjQ5MywidXJsIjoiaHR0cHM6XC9cL2RlbHRhdG0ubmV0XC93cC1jb250ZW50XC91cGxvYWRzXC8yMDIzXC8wNFwvb2JyYS1udWV2YS1kZWx0YXRtMDQuanBnIiwic2xpZGVzaG93IjoiNjYxOGY0OCJ9\">\n\t\t\t\t\t<div class=\"e-gallery-image elementor-gallery-item__image\" data-thumbnail=\"https:\/\/deltatm.net\/wp-content\/uploads\/2023\/04\/obra-nueva-deltatm04-768x512.jpg\" data-width=\"768\" data-height=\"512\" aria-label=\"\" role=\"img\" ><\/div>\n\t\t\t\t\t\t\t\t\t\t\t<div class=\"elementor-gallery-item__overlay\"><\/div>\n\t\t\t\t\t\t\t\t\t\t\t\t\t\t<\/a>\n\t\t\t\t\t\t\t<a class=\"e-gallery-item elementor-gallery-item elementor-animated-content\" href=\"https:\/\/deltatm.net\/wp-content\/uploads\/2023\/04\/obra-nueva-deltatm03.jpg\" data-elementor-open-lightbox=\"yes\" data-elementor-lightbox-slideshow=\"6618f48\" data-elementor-lightbox-title=\"obra nueva-deltatm03\" data-e-action-hash=\"#elementor-action%3Aaction%3Dlightbox%26settings%3DeyJpZCI6MjQ5OCwidXJsIjoiaHR0cHM6XC9cL2RlbHRhdG0ubmV0XC93cC1jb250ZW50XC91cGxvYWRzXC8yMDIzXC8wNFwvb2JyYS1udWV2YS1kZWx0YXRtMDMuanBnIiwic2xpZGVzaG93IjoiNjYxOGY0OCJ9\">\n\t\t\t\t\t<div class=\"e-gallery-image elementor-gallery-item__image\" data-thumbnail=\"https:\/\/deltatm.net\/wp-content\/uploads\/2023\/04\/obra-nueva-deltatm03-768x430.jpg\" data-width=\"768\" data-height=\"430\" aria-label=\"\" role=\"img\" ><\/div>\n\t\t\t\t\t\t\t\t\t\t\t<div class=\"elementor-gallery-item__overlay\"><\/div>\n\t\t\t\t\t\t\t\t\t\t\t\t\t\t<\/a>\n\t\t\t\t\t\t\t<a class=\"e-gallery-item elementor-gallery-item elementor-animated-content\" href=\"https:\/\/deltatm.net\/wp-content\/uploads\/2023\/04\/obra-nueva-deltatm06.jpg\" data-elementor-open-lightbox=\"yes\" data-elementor-lightbox-slideshow=\"6618f48\" data-elementor-lightbox-title=\"obra nueva-deltatm06\" data-e-action-hash=\"#elementor-action%3Aaction%3Dlightbox%26settings%3DeyJpZCI6MjUwMiwidXJsIjoiaHR0cHM6XC9cL2RlbHRhdG0ubmV0XC93cC1jb250ZW50XC91cGxvYWRzXC8yMDIzXC8wNFwvb2JyYS1udWV2YS1kZWx0YXRtMDYuanBnIiwic2xpZGVzaG93IjoiNjYxOGY0OCJ9\">\n\t\t\t\t\t<div class=\"e-gallery-image elementor-gallery-item__image\" data-thumbnail=\"https:\/\/deltatm.net\/wp-content\/uploads\/2023\/04\/obra-nueva-deltatm06-768x512.jpg\" data-width=\"768\" data-height=\"512\" aria-label=\"\" role=\"img\" ><\/div>\n\t\t\t\t\t\t\t\t\t\t\t<div class=\"elementor-gallery-item__overlay\"><\/div>\n\t\t\t\t\t\t\t\t\t\t\t\t\t\t<\/a>\n\t\t\t\t\t\t\t<a class=\"e-gallery-item elementor-gallery-item elementor-animated-content\" href=\"https:\/\/deltatm.net\/wp-content\/uploads\/2023\/04\/obra-nueva-deltatm05.jpg\" data-elementor-open-lightbox=\"yes\" data-elementor-lightbox-slideshow=\"6618f48\" data-elementor-lightbox-title=\"obra nueva-deltatm05\" data-e-action-hash=\"#elementor-action%3Aaction%3Dlightbox%26settings%3DeyJpZCI6MjUwNiwidXJsIjoiaHR0cHM6XC9cL2RlbHRhdG0ubmV0XC93cC1jb250ZW50XC91cGxvYWRzXC8yMDIzXC8wNFwvb2JyYS1udWV2YS1kZWx0YXRtMDUuanBnIiwic2xpZGVzaG93IjoiNjYxOGY0OCJ9\">\n\t\t\t\t\t<div class=\"e-gallery-image elementor-gallery-item__image\" data-thumbnail=\"https:\/\/deltatm.net\/wp-content\/uploads\/2023\/04\/obra-nueva-deltatm05-768x512.jpg\" data-width=\"768\" data-height=\"512\" aria-label=\"\" role=\"img\" ><\/div>\n\t\t\t\t\t\t\t\t\t\t\t<div class=\"elementor-gallery-item__overlay\"><\/div>\n\t\t\t\t\t\t\t\t\t\t\t\t\t\t<\/a>\n\t\t\t\t\t\t\t<a class=\"e-gallery-item elementor-gallery-item elementor-animated-content\" href=\"https:\/\/deltatm.net\/wp-content\/uploads\/2023\/04\/obra-nueva-deltatm07.jpg\" data-elementor-open-lightbox=\"yes\" data-elementor-lightbox-slideshow=\"6618f48\" data-elementor-lightbox-title=\"obra nueva-deltatm07\" data-e-action-hash=\"#elementor-action%3Aaction%3Dlightbox%26settings%3DeyJpZCI6MjUxMCwidXJsIjoiaHR0cHM6XC9cL2RlbHRhdG0ubmV0XC93cC1jb250ZW50XC91cGxvYWRzXC8yMDIzXC8wNFwvb2JyYS1udWV2YS1kZWx0YXRtMDcuanBnIiwic2xpZGVzaG93IjoiNjYxOGY0OCJ9\">\n\t\t\t\t\t<div class=\"e-gallery-image elementor-gallery-item__image\" data-thumbnail=\"https:\/\/deltatm.net\/wp-content\/uploads\/2023\/04\/obra-nueva-deltatm07-768x509.jpg\" data-width=\"768\" data-height=\"509\" aria-label=\"\" role=\"img\" ><\/div>\n\t\t\t\t\t\t\t\t\t\t\t<div class=\"elementor-gallery-item__overlay\"><\/div>\n\t\t\t\t\t\t\t\t\t\t\t\t\t\t<\/a>\n\t\t\t\t\t<\/div>\n\t\t\t\t\t<\/div>\n\t\t\t\t<\/div>\n\t\t\t\t<div class=\"elementor-element elementor-element-b9a1e58 elementor-widget elementor-widget-text-editor\" data-id=\"b9a1e58\" data-element_type=\"widget\" data-e-type=\"widget\" data-widget_type=\"text-editor.default\">\n\t\t\t\t<div class=\"elementor-widget-container\">\n\t\t\t\t\t\t\t\t\t<p>L&rsquo;une des sp\u00e9cialit\u00e9s de notre entreprise est la construction de maisons individuelles. Nos clients nous choisissent pour les nombreux avantages qu&rsquo;il y a \u00e0 travailler avec nous :<br \/>Chez <a href=\"https:\/\/www.instagram.com\/deltatm.denia\/\" target=\"_blank\" rel=\"noopener\">Delta TM<\/a>, nous travaillons en \u00e9quipe pour garantir un travail de qualit\u00e9 et un service transparent.<br \/>Nous vous accompagnons tout au long du processus, de l&rsquo;id\u00e9e \u00e0 la livraison.<br \/>Nous nous engageons en faveur de l&rsquo;environnement, c&rsquo;est pourquoi, lors de la r\u00e9alisation de nos <a href=\"https:\/\/deltatm.net\/fr\/projets\/\" target=\"_blank\" rel=\"noopener\">projets<\/a>, nous essayons de soigner chaque d\u00e9tail pour tirer le meilleur parti de l&rsquo;\u00e9nergie.<\/p>\n\t\t\t\t\t\t\t\t<\/div>\n\t\t\t\t<\/div>\n\t\t\t\t\t<\/div>\n\t\t<\/div>\n\t\t\t\t\t<\/div>\n\t\t<\/section>\n\t\t<div class=\"elementor-element elementor-element-6c3f2b0 e-flex e-con-boxed e-con e-parent\" data-id=\"6c3f2b0\" data-element_type=\"container\" data-e-type=\"container\">\n\t\t\t\t\t<div class=\"e-con-inner\">\n\t\t\t\t<div class=\"elementor-element elementor-element-1bfbf72 elementor-widget elementor-widget-image\" data-id=\"1bfbf72\" data-element_type=\"widget\" data-e-type=\"widget\" data-widget_type=\"image.default\">\n\t\t\t\t<div class=\"elementor-widget-container\">\n\t\t\t\t\t\t\t\t\t\t\t\t\t\t\t<img fetchpriority=\"high\" decoding=\"async\" width=\"580\" height=\"400\" src=\"https:\/\/deltatm.net\/wp-content\/uploads\/2023\/08\/jardin-vertical-panel.jpg\" class=\"attachment-large size-large wp-image-2979\" alt=\"Obra nueva\" srcset=\"https:\/\/deltatm.net\/wp-content\/uploads\/2023\/08\/jardin-vertical-panel.jpg 580w, https:\/\/deltatm.net\/wp-content\/uploads\/2023\/08\/jardin-vertical-panel-300x207.jpg 300w\" sizes=\"(max-width: 580px) 100vw, 580px\" \/>\t\t\t\t\t\t\t\t\t\t\t\t\t\t\t<\/div>\n\t\t\t\t<\/div>\n\t\t\t\t\t<\/div>\n\t\t\t\t<\/div>\n\t\t<div class=\"elementor-element elementor-element-25a7446 e-flex e-con-boxed e-con e-parent\" data-id=\"25a7446\" data-element_type=\"container\" data-e-type=\"container\">\n\t\t\t\t\t<div class=\"e-con-inner\">\n\t\t\t\t<div class=\"elementor-element elementor-element-2f49c3e elementor-widget elementor-widget-html\" data-id=\"2f49c3e\" data-element_type=\"widget\" data-e-type=\"widget\" data-widget_type=\"html.default\">\n\t\t\t\t<div class=\"elementor-widget-container\">\n\t\t\t\t\t<script type=\"application\/ld+json\">{\n  \"@context\": \"https:\/\/schema.org\",\n  \"@graph\": [\n    {\n      \"@type\": \"Service\",\n      \"@id\": \"https:\/\/deltatm.net\/obra-nueva\/#service\",\n      \"serviceType\": \"Obra Nueva\",\n      \"name\": \"Obra Nueva\",\n      \"description\": \"Ofrecemos soluciones adaptadas a las necesidades espec\u00edficas de cada proyecto, ya sea una reforma integral o una obra nueva.\",\n      \"provider\": {\n        \"@type\": \"Architect\",\n        \"name\": \"Delta TM\",\n        \"@id\": \"https:\/\/deltatm.net\/#architect\"\n      },\n      \"areaServed\": {\n        \"@type\": \"Place\",\n        \"address\": {\n          \"@type\": \"PostalAddress\",\n          \"addressLocality\": \"D\u00e9nia\",\n          \"addressRegion\": \"Alicante\",\n          \"addressCountry\": \"ES\"\n        }\n      }\n    },\n    {\n      \"@type\": \"WebPage\",\n      \"@id\": \"https:\/\/deltatm.net\/obra-nueva\/#webpage\",\n      \"url\": \"https:\/\/deltatm.net\/obra-nueva\/\",\n      \"name\": \"Obra Nueva - Delta TM\",\n      \"description\": \"Servicio de obra nueva ofrecido por Delta TM en D\u00e9nia. Arquitectura, direcci\u00f3n t\u00e9cnica y soluciones personalizadas.\",\n      \"inLanguage\": \"es\",\n      \"isPartOf\": {\n        \"@id\": \"https:\/\/deltatm.net\/#website\"\n      }\n    },\n    {\n      \"@type\": \"BreadcrumbList\",\n      \"@id\": \"https:\/\/deltatm.net\/obra-nueva\/#breadcrumb\",\n      \"itemListElement\": [\n        {\n          \"@type\": \"ListItem\",\n          \"position\": 1,\n          \"name\": \"Inicio\",\n          \"item\": \"https:\/\/deltatm.net\/\"\n        },\n        {\n          \"@type\": \"ListItem\",\n          \"position\": 2,\n          \"name\": \"Servicios\",\n          \"item\": \"https:\/\/deltatm.net\/servicios\/\"\n        },\n        {\n          \"@type\": \"ListItem\",\n          \"position\": 3,\n          \"name\": \"Obra Nueva\",\n          \"item\": \"https:\/\/deltatm.net\/obra-nueva\/\"\n        }\n      ]\n    }\n  ]\n}\n<\/script>\t\t\t\t<\/div>\n\t\t\t\t<\/div>\n\t\t\t\t\t<\/div>\n\t\t\t\t<\/div>\n\t\t\t\t<\/div>\n\t\t","protected":false},"excerpt":{"rendered":"<p>NOUVELLES \u0152UVRES \u00ab\u00a0Nous proposons des solutions adapt\u00e9es aux besoins sp\u00e9cifiques de chaque projet, qu&rsquo;il s&rsquo;agisse d&rsquo;une r\u00e9novation compl\u00e8te ou d&rsquo;une nouvelle construction. L&rsquo;une des sp\u00e9cialit\u00e9s de notre entreprise est la construction de maisons individuelles. Nos clients nous choisissent pour les nombreux avantages qu&rsquo;il y a \u00e0 travailler avec nous :Chez Delta TM, nous travaillons en [&hellip;]<\/p>\n","protected":false},"author":1,"featured_media":0,"parent":0,"menu_order":0,"comment_status":"closed","ping_status":"closed","template":"","meta":{"footnotes":""},"class_list":["post-1401","page","type-page","status-publish","hentry"],"_links":{"self":[{"href":"https:\/\/deltatm.net\/fr\/wp-json\/wp\/v2\/pages\/1401","targetHints":{"allow":["GET"]}}],"collection":[{"href":"https:\/\/deltatm.net\/fr\/wp-json\/wp\/v2\/pages"}],"about":[{"href":"https:\/\/deltatm.net\/fr\/wp-json\/wp\/v2\/types\/page"}],"author":[{"embeddable":true,"href":"https:\/\/deltatm.net\/fr\/wp-json\/wp\/v2\/users\/1"}],"replies":[{"embeddable":true,"href":"https:\/\/deltatm.net\/fr\/wp-json\/wp\/v2\/comments?post=1401"}],"version-history":[{"count":5,"href":"https:\/\/deltatm.net\/fr\/wp-json\/wp\/v2\/pages\/1401\/revisions"}],"predecessor-version":[{"id":4006,"href":"https:\/\/deltatm.net\/fr\/wp-json\/wp\/v2\/pages\/1401\/revisions\/4006"}],"wp:attachment":[{"href":"https:\/\/deltatm.net\/fr\/wp-json\/wp\/v2\/media?parent=1401"}],"curies":[{"name":"wp","href":"https:\/\/api.w.org\/{rel}","templated":true}]}}