{"id":1359,"date":"2021-12-28T05:58:57","date_gmt":"2021-12-28T05:58:57","guid":{"rendered":"https:\/\/deltatm.net\/avis-juridique\/"},"modified":"2024-06-03T12:18:39","modified_gmt":"2024-06-03T10:18:39","slug":"avis-juridique","status":"publish","type":"page","link":"https:\/\/deltatm.net\/fr\/avis-juridique\/","title":{"rendered":"Avis juridique"},"content":{"rendered":"\n<p>Cet avis juridique (ci-apr\u00e8s, l'\u00a0\u00bbAvis juridique\u00a0\u00bb) r\u00e9git l&rsquo;utilisation du service de portail Internet www.wordpress-779048-2668259.cloudwaysapps.com appartenant \u00e0 Delta Technical Management SL avec adresse \u00e0 Calle Marques de Campo, 60,1\u00ba, 13 (03700) , Denia ( Alicante), et inscrite au Registre du Commerce d&rsquo;Alicante, Tome 3884, Folio 213, Page A-146552 1\u00e8re inscription <\/p>\n\n<p><strong>L\u00e9gislation <\/strong><\/p>\n\n<p>En g\u00e9n\u00e9ral, les relations entre Delta Technical Management SL<strong> <\/strong>et les Utilisateurs de ses services t\u00e9l\u00e9matiques, pr\u00e9sents sur le Web, sont soumis \u00e0 la l\u00e9gislation et \u00e0 la juridiction espagnoles.<\/p>\n\n<p><strong>Contenu et utilisation <\/strong><\/p>\n\n<p>L&rsquo;utilisateur est inform\u00e9, et accepte, que l&rsquo;acc\u00e8s \u00e0 ce site n&rsquo;implique, en aucune mani\u00e8re, le d\u00e9but d&rsquo;une relation commerciale avec la Soci\u00e9t\u00e9. <\/p>\n\n<p>Le propri\u00e9taire du site Web ne s&rsquo;identifie pas aux opinions qui y sont exprim\u00e9es par ses collaborateurs. La Soci\u00e9t\u00e9 se r\u00e9serve le droit d&rsquo;apporter les modifications qu&rsquo;elle jugera appropri\u00e9es sur son site Web sans pr\u00e9avis, pouvant modifier, supprimer ou ajouter \u00e0 la fois le contenu et les services fournis par son interm\u00e9diaire et la mani\u00e8re dont ils sont pr\u00e9sent\u00e9s ou situ\u00e9s sur leurs serveurs. <\/p>\n\n<p><strong>Propri\u00e9t\u00e9 intellectuelle et industrielle <\/strong><\/p>\n\n<p>Les droits de propri\u00e9t\u00e9 intellectuelle sur le contenu des pages Web, leur conception graphique et leurs codes sont la propri\u00e9t\u00e9 de<strong> <\/strong>Delta Gestion Technique SL<strong> <\/strong>et, par cons\u00e9quent, sa reproduction, distribution, communication publique, transformation ou toute autre activit\u00e9 pouvant \u00eatre r\u00e9alis\u00e9e avec le contenu de ses pages Web, sans m\u00eame citer les sources, est interdite, sauf avec le consentement \u00e9crit de Delta Technical Management SL<strong> <\/strong>Tous les noms commerciaux, marques ou signes diff\u00e9rents de toute nature contenus dans les pages Web de la Soci\u00e9t\u00e9 sont la propri\u00e9t\u00e9 de leurs propri\u00e9taires et sont prot\u00e9g\u00e9s par la loi. <\/p>\n\n<p><strong>Liens<\/strong><\/p>\n\n<p>La pr\u00e9sence de liens sur les pages Web de<strong> <\/strong>Delta Gestion Technique SL<strong> <\/strong>Il est uniquement \u00e0 titre informatif et n&rsquo;implique en aucun cas une suggestion, une invitation ou une recommandation \u00e0 leur sujet.<\/p>\n","protected":false},"excerpt":{"rendered":"<p>Cet avis juridique (ci-apr\u00e8s, l&rsquo;\u00a0\u00bbAvis juridique\u00a0\u00bb) r\u00e9git l&rsquo;utilisation du service de portail Internet www.wordpress-779048-2668259.cloudwaysapps.com appartenant \u00e0 Delta Technical Management SL avec adresse \u00e0 Calle Marques de Campo, 60,1\u00ba, 13 (03700) , Denia ( Alicante), et inscrite au Registre du Commerce d&rsquo;Alicante, Tome 3884, Folio 213, Page A-146552 1\u00e8re inscription L\u00e9gislation En g\u00e9n\u00e9ral, les relations entre [&hellip;]<\/p>\n","protected":false},"author":1,"featured_media":0,"parent":0,"menu_order":0,"comment_status":"closed","ping_status":"closed","template":"","meta":{"footnotes":""},"class_list":["post-1359","page","type-page","status-publish","hentry"],"_links":{"self":[{"href":"https:\/\/deltatm.net\/fr\/wp-json\/wp\/v2\/pages\/1359","targetHints":{"allow":["GET"]}}],"collection":[{"href":"https:\/\/deltatm.net\/fr\/wp-json\/wp\/v2\/pages"}],"about":[{"href":"https:\/\/deltatm.net\/fr\/wp-json\/wp\/v2\/types\/page"}],"author":[{"embeddable":true,"href":"https:\/\/deltatm.net\/fr\/wp-json\/wp\/v2\/users\/1"}],"replies":[{"embeddable":true,"href":"https:\/\/deltatm.net\/fr\/wp-json\/wp\/v2\/comments?post=1359"}],"version-history":[{"count":2,"href":"https:\/\/deltatm.net\/fr\/wp-json\/wp\/v2\/pages\/1359\/revisions"}],"predecessor-version":[{"id":1363,"href":"https:\/\/deltatm.net\/fr\/wp-json\/wp\/v2\/pages\/1359\/revisions\/1363"}],"wp:attachment":[{"href":"https:\/\/deltatm.net\/fr\/wp-json\/wp\/v2\/media?parent=1359"}],"curies":[{"name":"wp","href":"https:\/\/api.w.org\/{rel}","templated":true}]}}