{"id":1347,"date":"2021-12-28T05:58:55","date_gmt":"2021-12-28T05:58:55","guid":{"rendered":"https:\/\/deltatm.net\/collectivites\/"},"modified":"2024-06-03T12:03:57","modified_gmt":"2024-06-03T10:03:57","slug":"collectivites","status":"publish","type":"page","link":"https:\/\/deltatm.net\/fr\/collectivites\/","title":{"rendered":"Collectivit\u00e9s"},"content":{"rendered":"\t\t<div data-elementor-type=\"wp-page\" data-elementor-id=\"1347\" class=\"elementor elementor-1347 elementor-226\" data-elementor-post-type=\"page\">\n\t\t\t\t\t\t<section class=\"elementor-section elementor-top-section elementor-element elementor-element-c3d12fb elementor-section-height-min-height elementor-section-boxed elementor-section-height-default elementor-section-items-middle\" data-id=\"c3d12fb\" data-element_type=\"section\" data-e-type=\"section\" data-settings=\"{&quot;background_background&quot;:&quot;classic&quot;}\">\n\t\t\t\t\t\t\t<div class=\"elementor-background-overlay\"><\/div>\n\t\t\t\t\t\t\t<div class=\"elementor-container elementor-column-gap-default\">\n\t\t\t\t\t<div class=\"elementor-column elementor-col-100 elementor-top-column elementor-element elementor-element-ceff32a\" data-id=\"ceff32a\" data-element_type=\"column\" data-e-type=\"column\">\n\t\t\t<div class=\"elementor-widget-wrap elementor-element-populated\">\n\t\t\t\t\t\t<section class=\"elementor-section elementor-inner-section elementor-element elementor-element-c807738 elementor-section-boxed elementor-section-height-default elementor-section-height-default\" data-id=\"c807738\" data-element_type=\"section\" data-e-type=\"section\">\n\t\t\t\t\t\t<div class=\"elementor-container elementor-column-gap-default\">\n\t\t\t\t\t<div class=\"elementor-column elementor-col-100 elementor-inner-column elementor-element elementor-element-d6aa03a\" data-id=\"d6aa03a\" data-element_type=\"column\" data-e-type=\"column\">\n\t\t\t<div class=\"elementor-widget-wrap elementor-element-populated\">\n\t\t\t\t\t\t<div class=\"elementor-element elementor-element-458944b elementor-widget elementor-widget-heading\" data-id=\"458944b\" data-element_type=\"widget\" data-e-type=\"widget\" data-widget_type=\"heading.default\">\n\t\t\t\t<div class=\"elementor-widget-container\">\n\t\t\t\t\t<h1 class=\"elementor-heading-title elementor-size-default\">Collectivit\u00e9s<\/h1>\t\t\t\t<\/div>\n\t\t\t\t<\/div>\n\t\t\t\t<div class=\"elementor-element elementor-element-f094791 elementor-widget-divider--view-line elementor-widget elementor-widget-divider\" data-id=\"f094791\" data-element_type=\"widget\" data-e-type=\"widget\" data-widget_type=\"divider.default\">\n\t\t\t\t<div class=\"elementor-widget-container\">\n\t\t\t\t\t\t\t<div class=\"elementor-divider\">\n\t\t\t<span class=\"elementor-divider-separator\">\n\t\t\t\t\t\t<\/span>\n\t\t<\/div>\n\t\t\t\t\t\t<\/div>\n\t\t\t\t<\/div>\n\t\t\t\t<div class=\"elementor-element elementor-element-4c58b9b elementor-widget elementor-widget-text-editor\" data-id=\"4c58b9b\" data-element_type=\"widget\" data-e-type=\"widget\" data-widget_type=\"text-editor.default\">\n\t\t\t\t<div class=\"elementor-widget-container\">\n\t\t\t\t\t\t\t\t\t<p>Nous ne souhaitons pas travailler sur chantier en r\u00e9solvant des probl\u00e8mes, nous anticipons donc d\u00e8s le d\u00e9part, pour r\u00e9pondre aux demandes de nos clients et r\u00e9pondre aux exigences professionnelles a priori.<\/p>\n\t\t\t\t\t\t\t\t<\/div>\n\t\t\t\t<\/div>\n\t\t\t\t<div class=\"elementor-element elementor-element-6a875ec elementor-align-center elementor-widget elementor-widget-button\" data-id=\"6a875ec\" data-element_type=\"widget\" data-e-type=\"widget\" data-widget_type=\"button.default\">\n\t\t\t\t<div class=\"elementor-widget-container\">\n\t\t\t\t\t\t\t\t\t<div class=\"elementor-button-wrapper\">\n\t\t\t\t\t<a class=\"elementor-button elementor-button-link elementor-size-sm\" href=\"https:\/\/lmc.deltatm.net\/contacto\/\">\n\t\t\t\t\t\t<span class=\"elementor-button-content-wrapper\">\n\t\t\t\t\t\t\t\t\t<span class=\"elementor-button-text\">Contacter<\/span>\n\t\t\t\t\t<\/span>\n\t\t\t\t\t<\/a>\n\t\t\t\t<\/div>\n\t\t\t\t\t\t\t\t<\/div>\n\t\t\t\t<\/div>\n\t\t\t\t\t<\/div>\n\t\t<\/div>\n\t\t\t\t\t<\/div>\n\t\t<\/section>\n\t\t\t\t\t<\/div>\n\t\t<\/div>\n\t\t\t\t\t<\/div>\n\t\t<\/section>\n\t\t\t\t<section class=\"elementor-section elementor-top-section elementor-element elementor-element-938cbb4 elementor-section-content-top elementor-section-boxed elementor-section-height-default elementor-section-height-default\" data-id=\"938cbb4\" data-element_type=\"section\" data-e-type=\"section\" data-settings=\"{&quot;background_background&quot;:&quot;classic&quot;,&quot;background_motion_fx_motion_fx_scrolling&quot;:&quot;yes&quot;,&quot;background_motion_fx_translateY_effect&quot;:&quot;yes&quot;,&quot;background_motion_fx_translateY_speed&quot;:{&quot;unit&quot;:&quot;px&quot;,&quot;size&quot;:4,&quot;sizes&quot;:[]},&quot;background_motion_fx_translateY_affectedRange&quot;:{&quot;unit&quot;:&quot;%&quot;,&quot;size&quot;:&quot;&quot;,&quot;sizes&quot;:{&quot;start&quot;:0,&quot;end&quot;:100}},&quot;background_motion_fx_devices&quot;:[&quot;desktop&quot;,&quot;tablet&quot;,&quot;mobile&quot;]}\">\n\t\t\t\t\t\t<div class=\"elementor-container elementor-column-gap-default\">\n\t\t\t\t\t<div class=\"elementor-column elementor-col-100 elementor-top-column elementor-element elementor-element-8eedf02\" data-id=\"8eedf02\" data-element_type=\"column\" data-e-type=\"column\">\n\t\t\t<div class=\"elementor-widget-wrap elementor-element-populated\">\n\t\t\t\t\t\t<div class=\"elementor-element elementor-element-999e40b elementor-widget elementor-widget-text-editor\" data-id=\"999e40b\" data-element_type=\"widget\" data-e-type=\"widget\" data-widget_type=\"text-editor.default\">\n\t\t\t\t<div class=\"elementor-widget-container\">\n\t\t\t\t\t\t\t\t\t<p>Le projet architectural nous permet de d\u00e9finir le r\u00e9sultat final de l&rsquo;\u00e9l\u00e9ment \u00e0 construire, au niveau formel, constructif et de co\u00fbt puisque nos \u00e9tudes de faisabilit\u00e9 nous permettent de v\u00e9rifier si les objectifs sont r\u00e9alistes par rapport au terrain choisi, la construction envisag\u00e9e et le budget.<\/p>\n<p> Les diff\u00e9rentes phases du projet r\u00e9pondent aux demandes de nos clients, depuis le d\u00e9veloppement de l&rsquo;id\u00e9e avec l&rsquo;avant-projet, la demande de licence avec le projet de base, jusqu&rsquo;au d\u00e9veloppement du projet d&rsquo;ex\u00e9cution, dans lequel le projet acquiert toutes les , des caract\u00e9ristiques \u00e9conomiques et constructives qui permettront de r\u00e9aliser correctement la construction.<\/p>\n<p> Nous ne voulons pas travailler sur le site pour r\u00e9soudre des probl\u00e8mes, nous allons donc de l&rsquo;avant en pensant aux d\u00e9tails constructifs d\u00e8s le d\u00e9but. Lors du d\u00e9veloppement des phases du projet, nous prenons toujours en compte l&rsquo;\u00e9tape suivante, en anticipant les d\u00e9tails gr\u00e2ce \u00e0 la connaissance approfondie de nos travaux. .<\/p>\n\t\t\t\t\t\t\t\t<\/div>\n\t\t\t\t<\/div>\n\t\t\t\t\t<\/div>\n\t\t<\/div>\n\t\t\t\t\t<\/div>\n\t\t<\/section>\n\t\t\t\t<\/div>\n\t\t","protected":false},"excerpt":{"rendered":"<p>Collectivit\u00e9s Nous ne souhaitons pas travailler sur chantier en r\u00e9solvant des probl\u00e8mes, nous anticipons donc d\u00e8s le d\u00e9part, pour r\u00e9pondre aux demandes de nos clients et r\u00e9pondre aux exigences professionnelles a priori. Contacter Le projet architectural nous permet de d\u00e9finir le r\u00e9sultat final de l&rsquo;\u00e9l\u00e9ment \u00e0 construire, au niveau formel, constructif et de co\u00fbt puisque [&hellip;]<\/p>\n","protected":false},"author":1,"featured_media":0,"parent":0,"menu_order":0,"comment_status":"closed","ping_status":"closed","template":"","meta":{"footnotes":""},"class_list":["post-1347","page","type-page","status-publish","hentry"],"_links":{"self":[{"href":"https:\/\/deltatm.net\/fr\/wp-json\/wp\/v2\/pages\/1347","targetHints":{"allow":["GET"]}}],"collection":[{"href":"https:\/\/deltatm.net\/fr\/wp-json\/wp\/v2\/pages"}],"about":[{"href":"https:\/\/deltatm.net\/fr\/wp-json\/wp\/v2\/types\/page"}],"author":[{"embeddable":true,"href":"https:\/\/deltatm.net\/fr\/wp-json\/wp\/v2\/users\/1"}],"replies":[{"embeddable":true,"href":"https:\/\/deltatm.net\/fr\/wp-json\/wp\/v2\/comments?post=1347"}],"version-history":[{"count":2,"href":"https:\/\/deltatm.net\/fr\/wp-json\/wp\/v2\/pages\/1347\/revisions"}],"predecessor-version":[{"id":1362,"href":"https:\/\/deltatm.net\/fr\/wp-json\/wp\/v2\/pages\/1347\/revisions\/1362"}],"wp:attachment":[{"href":"https:\/\/deltatm.net\/fr\/wp-json\/wp\/v2\/media?parent=1347"}],"curies":[{"name":"wp","href":"https:\/\/api.w.org\/{rel}","templated":true}]}}