{"id":1333,"date":"2021-12-28T05:58:45","date_gmt":"2021-12-28T05:58:45","guid":{"rendered":"https:\/\/deltatm.net\/rehabilitation\/"},"modified":"2024-06-03T12:00:04","modified_gmt":"2024-06-03T10:00:04","slug":"rehabilitation","status":"publish","type":"page","link":"https:\/\/deltatm.net\/fr\/rehabilitation\/","title":{"rendered":"R\u00e9habilitation"},"content":{"rendered":"\t\t<div data-elementor-type=\"wp-page\" data-elementor-id=\"1333\" class=\"elementor elementor-1333 elementor-225\" data-elementor-post-type=\"page\">\n\t\t\t\t\t\t<section class=\"elementor-section elementor-top-section elementor-element elementor-element-f94037b elementor-section-height-min-height elementor-section-boxed elementor-section-height-default elementor-section-items-middle\" data-id=\"f94037b\" data-element_type=\"section\" data-e-type=\"section\" data-settings=\"{&quot;background_background&quot;:&quot;classic&quot;}\">\n\t\t\t\t\t\t\t<div class=\"elementor-background-overlay\"><\/div>\n\t\t\t\t\t\t\t<div class=\"elementor-container elementor-column-gap-default\">\n\t\t\t\t\t<div class=\"elementor-column elementor-col-100 elementor-top-column elementor-element elementor-element-92968bf\" data-id=\"92968bf\" data-element_type=\"column\" data-e-type=\"column\">\n\t\t\t<div class=\"elementor-widget-wrap elementor-element-populated\">\n\t\t\t\t\t\t<section class=\"elementor-section elementor-inner-section elementor-element elementor-element-4464c85 elementor-section-boxed elementor-section-height-default elementor-section-height-default\" data-id=\"4464c85\" data-element_type=\"section\" data-e-type=\"section\">\n\t\t\t\t\t\t<div class=\"elementor-container elementor-column-gap-default\">\n\t\t\t\t\t<div class=\"elementor-column elementor-col-100 elementor-inner-column elementor-element elementor-element-612ba16\" data-id=\"612ba16\" data-element_type=\"column\" data-e-type=\"column\">\n\t\t\t<div class=\"elementor-widget-wrap elementor-element-populated\">\n\t\t\t\t\t\t<div class=\"elementor-element elementor-element-2834241 elementor-widget elementor-widget-heading\" data-id=\"2834241\" data-element_type=\"widget\" data-e-type=\"widget\" data-widget_type=\"heading.default\">\n\t\t\t\t<div class=\"elementor-widget-container\">\n\t\t\t\t\t<h1 class=\"elementor-heading-title elementor-size-default\">R\u00e9habilitation<\/h1>\t\t\t\t<\/div>\n\t\t\t\t<\/div>\n\t\t\t\t<div class=\"elementor-element elementor-element-f9afcf6 elementor-widget-divider--view-line elementor-widget elementor-widget-divider\" data-id=\"f9afcf6\" data-element_type=\"widget\" data-e-type=\"widget\" data-widget_type=\"divider.default\">\n\t\t\t\t<div class=\"elementor-widget-container\">\n\t\t\t\t\t\t\t<div class=\"elementor-divider\">\n\t\t\t<span class=\"elementor-divider-separator\">\n\t\t\t\t\t\t<\/span>\n\t\t<\/div>\n\t\t\t\t\t\t<\/div>\n\t\t\t\t<\/div>\n\t\t\t\t<div class=\"elementor-element elementor-element-660e696 elementor-widget elementor-widget-text-editor\" data-id=\"660e696\" data-element_type=\"widget\" data-e-type=\"widget\" data-widget_type=\"text-editor.default\">\n\t\t\t\t<div class=\"elementor-widget-container\">\n\t\t\t\t\t\t\t\t\t<p>Parier sur la qualit\u00e9, s&rsquo;adapter aux nouvelles r\u00e9glementations et proposer des solutions sont les 3 points cl\u00e9s qui, associ\u00e9s \u00e0 notre longue exp\u00e9rience, nous conduisent \u00e0 r\u00e9aliser des restaurations de haute qualit\u00e9. Satisfaire les besoins de nos clients et les accompagner tout au long du processus.<\/p>\n\t\t\t\t\t\t\t\t<\/div>\n\t\t\t\t<\/div>\n\t\t\t\t<div class=\"elementor-element elementor-element-3634d15 elementor-align-center elementor-widget elementor-widget-button\" data-id=\"3634d15\" data-element_type=\"widget\" data-e-type=\"widget\" data-widget_type=\"button.default\">\n\t\t\t\t<div class=\"elementor-widget-container\">\n\t\t\t\t\t\t\t\t\t<div class=\"elementor-button-wrapper\">\n\t\t\t\t\t<a class=\"elementor-button elementor-button-link elementor-size-sm\" href=\"https:\/\/lmc.deltatm.net\/contacto\/\">\n\t\t\t\t\t\t<span class=\"elementor-button-content-wrapper\">\n\t\t\t\t\t\t\t\t\t<span class=\"elementor-button-text\">Contacter<\/span>\n\t\t\t\t\t<\/span>\n\t\t\t\t\t<\/a>\n\t\t\t\t<\/div>\n\t\t\t\t\t\t\t\t<\/div>\n\t\t\t\t<\/div>\n\t\t\t\t\t<\/div>\n\t\t<\/div>\n\t\t\t\t\t<\/div>\n\t\t<\/section>\n\t\t\t\t\t<\/div>\n\t\t<\/div>\n\t\t\t\t\t<\/div>\n\t\t<\/section>\n\t\t\t\t<section class=\"elementor-section elementor-top-section elementor-element elementor-element-4b4f11a elementor-section-content-top elementor-section-boxed elementor-section-height-default elementor-section-height-default\" data-id=\"4b4f11a\" data-element_type=\"section\" data-e-type=\"section\" data-settings=\"{&quot;background_background&quot;:&quot;classic&quot;,&quot;background_motion_fx_motion_fx_scrolling&quot;:&quot;yes&quot;,&quot;background_motion_fx_translateY_effect&quot;:&quot;yes&quot;,&quot;background_motion_fx_translateY_speed&quot;:{&quot;unit&quot;:&quot;px&quot;,&quot;size&quot;:4,&quot;sizes&quot;:[]},&quot;background_motion_fx_translateY_affectedRange&quot;:{&quot;unit&quot;:&quot;%&quot;,&quot;size&quot;:&quot;&quot;,&quot;sizes&quot;:{&quot;start&quot;:0,&quot;end&quot;:100}},&quot;background_motion_fx_devices&quot;:[&quot;desktop&quot;,&quot;tablet&quot;,&quot;mobile&quot;]}\">\n\t\t\t\t\t\t<div class=\"elementor-container elementor-column-gap-default\">\n\t\t\t\t\t<div class=\"elementor-column elementor-col-100 elementor-top-column elementor-element elementor-element-08c9cac\" data-id=\"08c9cac\" data-element_type=\"column\" data-e-type=\"column\">\n\t\t\t<div class=\"elementor-widget-wrap elementor-element-populated\">\n\t\t\t\t\t\t<div class=\"elementor-element elementor-element-3497e15 elementor-widget elementor-widget-text-editor\" data-id=\"3497e15\" data-element_type=\"widget\" data-e-type=\"widget\" data-widget_type=\"text-editor.default\">\n\t\t\t\t<div class=\"elementor-widget-container\">\n\t\t\t\t\t\t\t\t\t<p>Dans la r\u00e9habilitation ou la r\u00e9forme d&rsquo;une maison, en plus de parier, comme toujours, sur la qualit\u00e9 de la construction, nous nous concentrons sur l&rsquo;adaptation de l&rsquo;\u00e9l\u00e9ment aux nouvelles r\u00e9glementations en mati\u00e8re d&rsquo;efficacit\u00e9 \u00e9nerg\u00e9tique, car nous comprenons que l&rsquo;\u00e9conomie d&rsquo;\u00e9nergie est l&rsquo;un des moyens les plus simples et les plus vigoureux contribuer \u00e0 la protection de l&rsquo;environnement.<\/p>\n<p>Chez Delta TM, nous proposons des solutions qui, tout en respectant les points forts de l&rsquo;\u00e9l\u00e9ment d&rsquo;origine, le transforment en un espace contemporain. Ceci est possible gr\u00e2ce \u00e0 notre large \u00e9ventail de ressources, qui nous permet de nous adapter avec polyvalence aux diff\u00e9rents besoins qui se posent tout au long de la vie utile de la maison.<\/p>\n<p>Ce qui diff\u00e9rencie Delta TM est son implication \u00e0 100% du processus de r\u00e9habilitation, puisque nous accompagnons nos clients dans chaque \u00e9tape \u00e0 r\u00e9aliser :<br \/><span style=\"color: var( --e-global-color-text );\">&#8211; Id\u00e9e<\/span><\/p>\n<p><span style=\"color: var( --e-global-color-text );\">&#8211; Proc\u00e9dures et proc\u00e9dures pour les permis et licences<\/span><\/p>\n<p><span style=\"color: var( --e-global-color-text );\">&#8211; Direction des travaux<\/span><\/p>\n<p><span style=\"color: var( --e-global-color-text );\">&#8211; Ach\u00e8vement<\/span><\/p>\n\t\t\t\t\t\t\t\t<\/div>\n\t\t\t\t<\/div>\n\t\t\t\t\t<\/div>\n\t\t<\/div>\n\t\t\t\t\t<\/div>\n\t\t<\/section>\n\t\t\t\t<\/div>\n\t\t","protected":false},"excerpt":{"rendered":"<p>R\u00e9habilitation Parier sur la qualit\u00e9, s&rsquo;adapter aux nouvelles r\u00e9glementations et proposer des solutions sont les 3 points cl\u00e9s qui, associ\u00e9s \u00e0 notre longue exp\u00e9rience, nous conduisent \u00e0 r\u00e9aliser des restaurations de haute qualit\u00e9. Satisfaire les besoins de nos clients et les accompagner tout au long du processus. Contacter Dans la r\u00e9habilitation ou la r\u00e9forme d&rsquo;une [&hellip;]<\/p>\n","protected":false},"author":1,"featured_media":0,"parent":0,"menu_order":0,"comment_status":"closed","ping_status":"closed","template":"","meta":{"footnotes":""},"class_list":["post-1333","page","type-page","status-publish","hentry"],"_links":{"self":[{"href":"https:\/\/deltatm.net\/fr\/wp-json\/wp\/v2\/pages\/1333","targetHints":{"allow":["GET"]}}],"collection":[{"href":"https:\/\/deltatm.net\/fr\/wp-json\/wp\/v2\/pages"}],"about":[{"href":"https:\/\/deltatm.net\/fr\/wp-json\/wp\/v2\/types\/page"}],"author":[{"embeddable":true,"href":"https:\/\/deltatm.net\/fr\/wp-json\/wp\/v2\/users\/1"}],"replies":[{"embeddable":true,"href":"https:\/\/deltatm.net\/fr\/wp-json\/wp\/v2\/comments?post=1333"}],"version-history":[{"count":4,"href":"https:\/\/deltatm.net\/fr\/wp-json\/wp\/v2\/pages\/1333\/revisions"}],"predecessor-version":[{"id":1385,"href":"https:\/\/deltatm.net\/fr\/wp-json\/wp\/v2\/pages\/1333\/revisions\/1385"}],"wp:attachment":[{"href":"https:\/\/deltatm.net\/fr\/wp-json\/wp\/v2\/media?parent=1333"}],"curies":[{"name":"wp","href":"https:\/\/api.w.org\/{rel}","templated":true}]}}