{"id":1460,"date":"2021-12-28T06:10:50","date_gmt":"2021-12-28T06:10:50","guid":{"rendered":"https:\/\/deltatm.net\/datenschutz-bestimmungen\/"},"modified":"2021-12-28T06:10:50","modified_gmt":"2021-12-28T06:10:50","slug":"datenschutz-bestimmungen","status":"publish","type":"page","link":"https:\/\/deltatm.net\/de\/datenschutz-bestimmungen\/","title":{"rendered":"Datenschutz-Bestimmungen"},"content":{"rendered":"\n<figure class=\"wp-block-table\"><table><tbody><tr><td><strong>RECHTLICHE HINWEISE<\/strong><\/td><\/tr><tr><td>Delta Technical Management SL informiert Sie \u00fcber seine Datenschutzrichtlinie in Bezug auf die Behandlung und den Schutz personenbezogener Daten der Benutzer, die beim Surfen auf der Website <a href=\"https:\/\/deltatm.net\/de\/?page_id=1460\">https:\/\/deltatm.net<\/a> gesammelt werden k\u00f6nnen.<br\/>In diesem Sinne garantiert Delta Technical Management SL die Einhaltung der geltenden Vorschriften zum Schutz personenbezogener Daten, die sich im Organgesetz 3\/2018 vom 5. Dezember \u00fcber den Schutz personenbezogener Daten und die Gew\u00e4hrleistung digitaler Rechte (LOPD GDD) widerspiegeln. Es entspricht auch der Verordnung (EU) 2016\/679 des Europ\u00e4ischen Parlaments und des Rates vom 27. April 2016 zum Schutz nat\u00fcrlicher Personen (RGPD).<br\/>Die Nutzung der Website setzt die Annahme dieser Datenschutzrichtlinie voraus.<br\/>Identit\u00e4t der verantwortlichen Person<br\/><strong>Eigent\u00fcmer:<\/strong> Delta Technical Management SL<br\/><strong>NIF:<\/strong> B-54882105<br\/><strong>Adresse:<\/strong> Calle Marques de Campo, 60, 2\u00ba, pta. 13, Alicante &#8211; Spanien.<br\/>E- <strong>Mail:<\/strong> info@deltatm.net<br\/><strong>Website:<\/strong> <a href=\"https:\/\/deltatm.net\/de\/?page_id=1460\">https:\/\/deltatm.net<\/a><br\/>Grunds\u00e4tze der Datenverarbeitung<br\/>Bei der Verarbeitung Ihrer personenbezogenen Daten wendet der Inhaber die folgenden Grunds\u00e4tze an, die den Anforderungen der neuen europ\u00e4ischen Datenschutzverordnung (RGPD) entsprechen:<br\/><strong>Grundsatz der Rechtm\u00e4\u00dfigkeit, Loyalit\u00e4t und Transparenz:<\/strong> Der Inhaber ben\u00f6tigt immer die Zustimmung zur Verarbeitung personenbezogener Daten, die einem oder mehreren bestimmten Zwecken dienen kann, \u00fcber die der Inhaber den Benutzer im Voraus mit absoluter Transparenz informiert.<br\/><strong>Grundsatz der Datenminimierung:<\/strong> Der Inhaber wird nur die Daten anfordern, die f\u00fcr den angeforderten Zweck oder die angeforderten Zwecke unbedingt erforderlich sind.<br\/><strong>Grundsatz der Begrenzung der Aufbewahrungsfrist:<\/strong> Der Inhaber bewahrt die gesammelten personenbezogenen Daten f\u00fcr den Zeitraum auf, der f\u00fcr den Zweck oder die Zwecke der Behandlung unbedingt erforderlich ist. Der Eigent\u00fcmer wird den Nutzer entsprechend <a href=\"https:\/\/deltatm.net\/de\/?page_id=1460#finalidad-del-tratamiento-de-datos-personales\">dem Zweck<\/a> \u00fcber die entsprechende Aufbewahrungsfrist informieren.<br\/>Im Falle von Abonnements \u00fcberpr\u00fcft der Inhaber die Listen regelm\u00e4\u00dfig und l\u00f6scht die Aufzeichnungen, die f\u00fcr l\u00e4ngere Zeit inaktiv waren.<br\/><strong>Grundsatz der Integrit\u00e4t und Vertraulichkeit:<\/strong> Die erhobenen personenbezogenen Daten werden so behandelt, dass ihre Sicherheit, Vertraulichkeit und Integrit\u00e4t gew\u00e4hrleistet ist.<br\/>Der Eigent\u00fcmer trifft die notwendigen Vorkehrungen, um den unbefugten Zugriff oder die missbr\u00e4uchliche Verwendung der Daten seiner Benutzer durch Dritte zu verhindern.<br\/>Erhebung personenbezogener Daten<br\/>Um <a href=\"https:\/\/deltatm.net\/de\/?page_id=1460\">https:\/\/deltatm.net<\/a> zu durchsuchen, m\u00fcssen Sie keine personenbezogenen Daten angeben.<br\/>Die F\u00e4lle, in denen Sie Ihre personenbezogenen Daten bereitstellen, sind die folgenden:<br\/>Durch Kontaktaufnahme \u00fcber die Kontaktformulare oder das Senden einer E-Mail.<br\/>Rechte<br\/>Der Eigent\u00fcmer informiert Sie dar\u00fcber, dass Sie in Bezug auf Ihre personenbezogenen Daten das Recht haben:<br\/>Fordern Sie den Zugriff auf gespeicherte Daten an.<br\/>Fordern Sie eine Berichtigung oder Stornierung an.<br\/>Fordern Sie die Einschr\u00e4nkung Ihrer Behandlung an.<br\/>Widerspruch gegen Behandlung.<br\/>Sie k\u00f6nnen das Recht auf Daten\u00fcbertragbarkeit nicht aus\u00fcben.<br\/>Die Aus\u00fcbung dieser Rechte ist pers\u00f6nlich und muss daher direkt vom Interessenten ausge\u00fcbt werden, indem er dies direkt beim Eigent\u00fcmer anfordert, was bedeutet, dass jeder Kunde, Abonnent oder Mitarbeiter, der seine Daten jederzeit zur Verf\u00fcgung gestellt hat, sich an Delta Technical Management SL wenden kann und Auskunft \u00fcber die gespeicherten Daten und deren Erhalt zu verlangen, deren Berichtigung zu verlangen, sich der Verarbeitung zu widersetzen, deren Verwendung einzuschr\u00e4nken oder die L\u00f6schung dieser Daten in den Dateien des Inhabers zu verlangen.<br\/>Um Ihre Rechte auf Zugang, Berichtigung, L\u00f6schung und Widerspruch auszu\u00fcben, m\u00fcssen Sie eine E-Mail an info@deltatm.net zusammen mit einem g\u00fcltigen rechtlichen Nachweis wie einer Fotokopie des DNI oder gleichwertig senden.<br\/>Sie haben das Recht auf wirksamen gerichtlichen Rechtsschutz und k\u00f6nnen eine Beschwerde bei der Aufsichtsbeh\u00f6rde, in diesem Fall der spanischen Datenschutzbeh\u00f6rde, einreichen, wenn Sie der Ansicht sind, dass die Verarbeitung der Sie betreffenden personenbezogenen Daten gegen die Verordnung verst\u00f6\u00dft.<br\/>Zweck der Verarbeitung personenbezogener Daten<br\/>Wenn Sie sich mit der Website verbinden, um eine E-Mail an den Eigent\u00fcmer zu senden, abonnieren Sie dessen Newsletter, geben Sie personenbezogene Daten an, deren Verantwortliche Delta Technical Management SL ist. Diese Informationen k\u00f6nnen personenbezogene Daten wie Ihre IP-Adresse, Ihren Namen und Nachnamen, Anschrift, E-Mail-Adresse, Telefonnummer und andere Informationen. Durch die Bereitstellung dieser Informationen stimmen Sie zu, dass Ihre Informationen von \u2013 Cloudways \u2013 gesammelt, verwendet, verwaltet und gespeichert werden.<br\/>Die personenbezogenen Daten und der Zweck der Verarbeitung durch den Inhaber sind je nach Informationserfassungssystem unterschiedlich:<br\/><strong>Kontaktformulare:<\/strong> Der Eigent\u00fcmer fordert personenbezogene Daten an, darunter: Vor- und Nachname, E-Mail-Adresse, Telefonnummer und Website-Adresse, um die Anfragen der Benutzer zu beantworten.<br\/>Delta Technical Management SL verwendet diese Daten beispielsweise, um auf Nachrichten, Zweifel, Beschwerden, Kommentare oder Bedenken zu antworten, die Benutzer bez\u00fcglich der auf der Website enthaltenen Informationen, der Verarbeitung personenbezogener Daten, Fragen zu den auf der Website enthaltenen Texten haben, sowie jede andere Anfrage des Benutzers, die nicht den Bedingungen der Website unterliegt.<br\/>Es gibt andere Zwecke, f\u00fcr die der Inhaber personenbezogene Daten verarbeitet:<br\/>Um die Einhaltung der im geltenden Recht enthaltenen Bedingungen zu gew\u00e4hrleisten. Dies kann die Entwicklung von Tools und Algorithmen beinhalten, die dieser Website helfen, die Vertraulichkeit der gesammelten personenbezogenen Daten zu gew\u00e4hrleisten.<br\/>Um die von dieser Website angebotenen Dienste zu unterst\u00fctzen und zu verbessern.<br\/>Um die Benutzerf\u00fchrung zu analysieren. Der Eigent\u00fcmer sammelt andere nicht-identifizierende Daten, die durch die Verwendung von Cookies gewonnen werden, die beim Surfen auf der Website auf den Computer des Benutzers heruntergeladen werden, deren Eigenschaften und Zweck in der <a href=\"https:\/\/deltatm.net\/de\/?page_id=1351\">Cookie-Richtlinie<\/a> beschrieben sind.<br\/>Sicherheit personenbezogener Daten<br\/>Um Ihre personenbezogenen Daten zu sch\u00fctzen, trifft der Inhaber alle angemessenen Vorkehrungen und befolgt die besten Praktiken in der Branche, um deren Verlust, Missbrauch, unsachgem\u00e4\u00dfen Zugriff, Offenlegung, \u00c4nderung oder Zerst\u00f6rung derselben zu verhindern.<br\/>Die Website wird auf Cloudways gehostet. Die Sicherheit der Daten ist gew\u00e4hrleistet, da sie alle daf\u00fcr notwendigen Sicherheitsma\u00dfnahmen treffen. Weitere Informationen finden Sie in deren Datenschutzrichtlinie.<br\/>Delta Technical Management SL informiert den Benutzer dar\u00fcber, dass seine personenbezogenen Daten nicht an Dritte weitergegeben werden, es sei denn, die Weitergabe von Daten unterliegt einer gesetzlichen Verpflichtung oder wenn die Erbringung einer Dienstleistung die Notwendigkeit eines Vertragsverh\u00e4ltnisses mit einer Behandlung erfordert Manager. Im letzteren Fall erfolgt die Weitergabe der Daten an Dritte nur, wenn Delta Technical Management SL die ausdr\u00fcckliche Zustimmung des Benutzers hat.<br\/>In einigen F\u00e4llen kann jedoch eine Zusammenarbeit mit anderen Fachleuten erfolgen, in diesen F\u00e4llen ist die Zustimmung des Benutzers erforderlich, die \u00fcber die Identit\u00e4t des Mitarbeiters und den Zweck der Zusammenarbeit informiert. Es wird immer mit den strengsten Sicherheitsstandards durchgef\u00fchrt.<br\/>Inhalte von anderen Websites<br\/>Die Seiten dieser Website k\u00f6nnen eingebettete Inhalte (z. B. Videos, Bilder, Artikel usw.) enthalten. Eingebettete Inhalte von anderen Websites verhalten sich genauso, als ob Sie die andere Website besucht h\u00e4tten.<br\/>Diese Websites k\u00f6nnen Daten \u00fcber Sie sammeln, Cookies verwenden, einen zus\u00e4tzlichen Tracking-Code von Drittanbietern einbetten und Ihre Interaktion mit diesem Code \u00fcberwachen.<br\/>Cookie-Richtlinie<br\/>Damit diese Website ordnungsgem\u00e4\u00df funktioniert, m\u00fcssen Sie Cookies verwenden, dh Informationen, die in Ihrem Webbrowser gespeichert werden.<br\/>Auf der Seite <a href=\"https:\/\/deltatm.net\/de\/?page_id=1351\">Cookie-Richtlinie<\/a> k\u00f6nnen Sie alle Informationen \u00fcber die Sammlungsrichtlinie, den Zweck und die Behandlung von Cookies einsehen.<br\/>Legitimation zur Datenverarbeitung<br\/>Die Rechtsgrundlage f\u00fcr die Verarbeitung Ihrer Daten ist: Einwilligung.<br\/>Um den Eigent\u00fcmer zu kontaktieren, einen Newsletter zu abonnieren oder Kommentare auf dieser Website abzugeben, m\u00fcssen Sie diese Datenschutzrichtlinie akzeptieren.<br\/>Kategorien personenbezogener Daten<br\/>Die Kategorien personenbezogener Daten, mit denen der Eigent\u00fcmer umgeht, sind:<br\/>Identifikationsdaten.<br\/>Besonders gesch\u00fctzte Datenkategorien werden nicht behandelt.<br\/>Aufbewahrung personenbezogener Daten<br\/>Die personenbezogenen Daten, die Sie dem Inhaber zur Verf\u00fcgung stellen, werden aufbewahrt, bis Sie deren L\u00f6schung verlangen.<br\/>Empf\u00e4nger personenbezogener Daten<br\/><strong>Google Analytics<\/strong> ist ein Webanalysedienst von Google, Inc., einem Unternehmen aus Delaware mit Hauptsitz in 1600 Amphitheatre Parkway, Mountain View (Kalifornien), CA 94043, USA (\u201eGoogle\u201c).<br\/>Google Analytics verwendet &#8222;Cookies&#8220;, Textdateien, die sich auf Ihrem Computer befinden und die dem Betreiber helfen, die Nutzung der Website durch die Benutzer zu analysieren. Die durch den Cookie erzeugten Informationen \u00fcber die Benutzung dieser Website (einschlie\u00dflich der IP-Adresse) werden direkt von Google an einen Server in den USA \u00fcbertragen und dort gespeichert.<br\/>Weitere Informationen unter: <a href=\"https:\/\/policies.google.com\/privacy?hl=es-ES\" target=\"_blank\" rel=\"noopener\">https:\/\/analytics.google.com<\/a><br\/>Auf der Seite mit den Datenschutzbestimmungen von <a href=\"https:\/\/policies.google.com\/privacy?hl=es\" target=\"_blank\" rel=\"noopener\">Google<\/a> wird erl\u00e4utert, wie Google den Datenschutz in Bezug auf die Verwendung von Cookies und anderen Informationen verwaltet.<br\/>Sie k\u00f6nnen auch eine Liste der <a href=\"https:\/\/policies.google.com\/technologies\/types?hl=es\" target=\"_blank\" rel=\"noopener\">Arten von Cookies<\/a> einsehen, die von Google und seinen Partnern verwendet werden, sowie alle Informationen \u00fcber deren Verwendung von <a href=\"https:\/\/policies.google.com\/technologies\/ads?hl=es\" target=\"_blank\" rel=\"noopener\">Werbe-Cookies<\/a> .<br\/>Web-Navigation<br\/>Beim Surfen auf <a href=\"https:\/\/deltatm.net\/de\/?page_id=1460\">https:\/\/deltatm.net<\/a> k\u00f6nnen nicht-identifizierende Daten gesammelt werden, die die IP-Adresse, Geolokalisierung, eine Aufzeichnung \u00fcber die Nutzung der Dienste und Websites, Surfgewohnheiten und andere Daten umfassen k\u00f6nnen, die nicht verwendet werden k\u00f6nnen, um Sie zu identifizieren .<br\/>Die Website verwendet die folgenden Analysedienste von Drittanbietern:<br\/>Google Analytics.<br\/>Der Eigent\u00fcmer verwendet die erhaltenen Informationen, um statistische Daten zu erhalten, Trends zu analysieren, die Website zu verwalten, Surfmuster zu untersuchen und demografische Informationen zu sammeln.<br\/>Der Eigent\u00fcmer ist nicht verantwortlich f\u00fcr die Verarbeitung personenbezogener Daten, die von den Webseiten gemacht werden, auf die Sie \u00fcber die verschiedenen Links zugreifen k\u00f6nnen, die die Website enth\u00e4lt.<br\/>Genauigkeit und Richtigkeit der personenbezogenen Daten<br\/>Sie verpflichten sich, dass die dem Inhaber zur Verf\u00fcgung gestellten Daten richtig, vollst\u00e4ndig, genau und aktuell sind und sie regelm\u00e4\u00dfig aktualisieren.<br\/>Als Benutzer der Website sind Sie allein f\u00fcr die Richtigkeit und Richtigkeit der an die Website gesendeten Daten verantwortlich und entbinden Delta Technical Management SL diesbez\u00fcglich von jeglicher Verantwortung.<br\/>Annahme und Zustimmung<br\/>Als Benutzer der Website erkl\u00e4ren Sie, dass Sie \u00fcber die Bedingungen zum Schutz personenbezogener Daten informiert wurden, akzeptieren und stimmen deren Behandlung durch Delta Technical Management SL in der in dieser Datenschutzrichtlinie angegebenen Weise und zu den Zwecken zu.<br\/>Widerrufbarkeit<br\/>Um Ihre Rechte auf Auskunft, Berichtigung, L\u00f6schung und Widerspruch auszu\u00fcben, m\u00fcssen Sie eine E-Mail an info@deltatm.net zusammen mit einem rechtsg\u00fcltigen Nachweis wie einer Fotokopie des DNI oder gleichwertig senden.<br\/>Die Aus\u00fcbung dieser Rechte umfasst keine Daten, die Delta Technical Management SL zu Verwaltungs-, Rechts- oder Sicherheitszwecken aufbewahren muss.<br\/>\u00c4nderungen der Datenschutzerkl\u00e4rung<br\/>Der Eigent\u00fcmer beh\u00e4lt sich das Recht vor, diese Datenschutzrichtlinie zu \u00e4ndern, um sie an neue Gesetze oder Rechtsprechung sowie an Branchenpraktiken anzupassen.<br\/>Diese Richtlinien bleiben in Kraft, bis sie von anderen ordnungsgem\u00e4\u00df ver\u00f6ffentlicht werden.<br\/><br\/><strong>RECHTLICHE HINWEISE<\/strong><br\/>   <br\/>Dieser rechtliche Hinweis (im Folgenden der &#8222;rechtliche Hinweis&#8220;) regelt die Nutzung des Internetportaldienstes www.dreamsunspain.com im Besitz von Delta Technical Management SL mit Adresse Calle Marques de Campo, 60,2\u00ba, 13 (03700) , Denia ( Alicante) und eingetragen im Handelsregister von Alicante, Band 3884, Folio 213, Blatt A-146552 1. Eintrag <br\/><strong>Gesetzgebung <\/strong><br\/>Im Allgemeinen unterliegen die Beziehungen zwischen Delta Technical Management SL und den Nutzern ihrer im Internet verf\u00fcgbaren Telematikdienste der spanischen Gesetzgebung und Gerichtsbarkeit.<br\/><strong>Inhalt und Verwendung <\/strong><br\/>Der Benutzer wird informiert und akzeptiert, dass der Zugriff auf diese Website in keiner Weise den Beginn einer Gesch\u00e4ftsbeziehung mit dem Unternehmen bedeutet. <br\/>Der Inhaber der Website identifiziert sich nicht mit den darin vertretenen Meinungen seiner Mitarbeiter. Das Unternehmen beh\u00e4lt sich das Recht vor, ohne vorherige Ank\u00fcndigung die von ihm f\u00fcr angemessen erachteten \u00c4nderungen an seiner Website vorzunehmen, um sowohl die \u00fcber sie bereitgestellten Inhalte und Dienste als auch die Art und Weise, in der sie pr\u00e4sentiert oder lokalisiert werden, auf ihren Servern zu \u00e4ndern, zu l\u00f6schen oder hinzuzuf\u00fcgen. <br\/><strong>Geistiges und gewerbliches Eigentum <\/strong><br\/>Die geistigen Eigentumsrechte des Inhalts der Webseiten, ihres grafischen Designs und ihrer Codes sind Eigentum von Delta Technical Management SL und daher ihre Vervielf\u00e4ltigung, Verbreitung, \u00f6ffentliche Kommunikation, Umwandlung oder jede andere Aktivit\u00e4t, die mit den Inhalten von durchgef\u00fchrt werden kann auf seinen Webseiten oder sogar unter Angabe der Quellen, au\u00dfer mit schriftlicher Zustimmung von Delta Technical Management SL Alle Handelsnamen, Marken oder andere Zeichen jeglicher Art, die auf den Webseiten des Unternehmens enthalten sind, sind Eigentum ihrer Eigent\u00fcmer und sind gesetzlich gesch\u00fctzt. <br\/><strong>Links<\/strong><br\/>Das Vorhandensein von Links auf den Webseiten von Delta Technical Management SL dient nur zu Informationszwecken und stellt in keinem Fall eine Anregung, Einladung oder Empfehlung dar.<br\/><strong>PRIVATSPH\u00c4RE<\/strong><br\/> <br\/><strong>Vertraulichkeit und Datenschutz <\/strong><br\/>Im Sinne der Bestimmungen der Verordnung (EU) 2016\/679 des Europ\u00e4ischen Parlaments und des Rates vom 27. April 2017 zum Schutz nat\u00fcrlicher Personen (RGPD) und des Organgesetzes 3\/2018 vom 5. Dezember 2018 am Datenschutz und Garantien f\u00fcr digitale Rechte, Delta Technical Management SL informiert den Benutzer \u00fcber die Existenz einer automatisierten Datei mit personenbezogenen Daten, die von und f\u00fcr Delta Technical Management SL und unter seiner Verantwortung erstellt wurde, um die Pflege und Verwaltung der Beziehung mit dem Benutzer, sowie die Arbeit der Information, Schulung und Vermarktung des Dienstes und der damit verbundenen Aktivit\u00e4ten. Zum Zeitpunkt der Annahme dieser Allgemeinen Gesch\u00e4ftsbedingungen verlangt Delta Technical Management SL vom Benutzer die Erfassung wesentlicher Daten f\u00fcr die Erbringung seiner Dienstleistungen. <br\/><strong>Registrierung von Dateien und Formularen <\/strong><br\/>Das Ausf\u00fcllen des Registrierungsformulars ist obligatorisch, um auf alle im Internet angebotenen Dienste zugreifen und diese nutzen zu k\u00f6nnen. F\u00fcr Newsletter m\u00fcssen Sie jedoch Ihre E-Mail-Adresse angeben und f\u00fcr die Nutzung bestimmter Dienste im Rahmen der Registrierung m\u00fcssen Sie sich als registrierter Benutzer von Delta Technical Management SL registrieren. Die Nichtbereitstellung der angeforderten personenbezogenen Daten oder die Nichtakzeptanz dieser Datenschutzrichtlinie setzt voraus die Unm\u00f6glichkeit, sich zu abonnieren, zu registrieren oder an Werbeaktionen teilzunehmen, bei denen personenbezogene Daten angefordert werden. <br\/>Gem\u00e4\u00df den Bestimmungen der Verordnung (EU) 2016\/679 des Europ\u00e4ischen Parlaments und des Rates vom 27. April 2017 zum Schutz nat\u00fcrlicher Personen (RGPD) und des Organgesetzes 3\/2018 vom 5. Dezember 2018, Datenschutz und Garantien f\u00fcr digitale Rechte informieren wir Sie, dass die im Rahmen Ihrer Registrierung als Benutzer erhaltenen personenbezogenen Daten in eine Datei aufgenommen werden, die sich im Besitz von Delta Technical Management SLCIF B-54882105 und Adresse Calle Marques de Campo, 60.2\u00b0, pta. 13 &#8211; 03700 D\u00e9nia (Alicante). <br\/><strong>Genauigkeit und Richtigkeit der bereitgestellten Daten <\/strong><br\/>Der registrierte Benutzer oder der Abonnent von Newslettern ist allein verantwortlich f\u00fcr die Richtigkeit und Richtigkeit der enthaltenen Daten und entbindet Delta Technical Management SL diesbez\u00fcglich von jeglicher Verantwortung. Die Benutzer garantieren und reagieren in jedem Fall auf die Richtigkeit, G\u00fcltigkeit und Authentizit\u00e4t der bereitgestellten personenbezogenen Daten und verpflichten sich, diese ordnungsgem\u00e4\u00df zu aktualisieren. Der registrierte bzw. abonnierte Nutzer verpflichtet sich, im Registrierungs- bzw. Abonnementformular vollst\u00e4ndige und richtige Angaben zu machen. Delta Technical Management SL ist nicht verantwortlich f\u00fcr die Richtigkeit der Informationen, die nicht von ihr selbst erstellt wurden und f\u00fcr die eine andere Quelle angegeben wird, und \u00fcbernimmt daher keine Verantwortung f\u00fcr hypothetische Sch\u00e4den, die aus der Verwendung dieser Informationen entstehen k\u00f6nnten. Delta Technical Management SL beh\u00e4lt sich das Recht vor, die auf ihren Webseiten enthaltenen Informationen zu aktualisieren, zu \u00e4ndern oder zu l\u00f6schen und kann sogar den Zugang zu diesen Informationen einschr\u00e4nken oder verweigern. Delta Technical Management SL wird entlastet. der Verantwortung f\u00fcr Sch\u00e4den oder Sch\u00e4den, die dem Benutzer aufgrund von Fehlern, M\u00e4ngeln oder Auslassungen entstehen, in den von Delta Technical Management SL bereitgestellten Informationen, sofern diese aus anderen Quellen als Delta Technical Management SL stammen<br\/><strong>Kekse <\/strong><br\/>Um den angebotenen Service zu beschleunigen, verwendet Delta Technical Management SL &#8230; &#8222;Cookies&#8220;, um Ihnen einen besseren und pers\u00f6nlicheren Service zu bieten. Dieser &#8222;Cookie&#8220; wird installiert, wenn die Browsersitzung \u00fcber www.dreamsunspain.com beginnt. Wenn der Benutzer nicht m\u00f6chte, dass der &#8222;Cookie&#8220; auf seiner Festplatte installiert wird, muss er seinen Browser so konfigurieren, dass er ihn nicht empf\u00e4ngt, indem er f\u00fcr dieses Verfahren die einen von Ihrem Browser empfohlenen oder l\u00f6schen Sie ihn direkt auf Ihrem Computer. In diesem Fall k\u00f6nnen die Geschwindigkeit und Qualit\u00e4t des Betriebs der Dienste von Delta Technical Management SL abnehmen. Solange Sie die Option, die die Installation von Cookies auf Ihrer Festplatte verhindert, nicht aktiviert haben, k\u00f6nnen Sie Ihre Festplatte durchsuchen, indem Sie der Bedienungsanleitung und der Hilfe Ihres Betriebssystems folgen, um jeden Server herauszufinden, von dem die &#8222;Cookies&#8220; stammen gesendet. Delta Technical Management SL speichert Ihre typische Navigationsroute, um unsere Dienste so weit wie m\u00f6glich an Ihre Vorlieben anzupassen. Der Benutzer stimmt der Verwendung von &#8222;Cookies&#8220; durch Delta Technical Management SL ausdr\u00fccklich zu, ohne dass er jedes Mal, wenn er unsere Website betritt, erneut um seine Zustimmung bitten muss. Die Namen der Server, die die automatische Datenerhebung \u00fcbermitteln bzw. aktivieren, finden Sie unter der Domain www.dreamsunspain.com<br\/><strong>Minderj\u00e4hrige <\/strong><br\/>F\u00fcr den Fall, dass sich einige unserer Dienstleistungen speziell an Minderj\u00e4hrige richten, kann Delta Technical Management SL. wird die Zustimmung der Eltern oder Erziehungsberechtigten zur Erhebung personenbezogener Daten oder gegebenenfalls zur automatisierten Datenverarbeitung einholen.<br\/><strong>Weitergabe von Daten an Dritte <\/strong><br\/>Delta Technical Management SL. solutions gibt keine Nutzerdaten an Dritte weiter. <br\/><strong>Aus\u00fcbung von Auskunfts-, Berichtigungs-, L\u00f6schungs- und Widerspruchsrechten <\/strong><br\/>Sie k\u00f6nnen Ihre Mitteilungen an die Internetadresse info@dreamsunspain.com oder per Post an Delta Technical Management SL Ref. LOPD, Calle Marques de Campo, 60, 2\u00ba, pta. 13 &#8211; 03700 D\u00e9nia (Alicante). Um diese Rechte auszu\u00fcben und in \u00dcbereinstimmung mit der Verordnung (EU) 2016\/679 des Europ\u00e4ischen Parlaments und des Rates vom 27. April 2017 zum Schutz nat\u00fcrlicher Personen (RGPD) und dem Organgesetz 3\/2018 vom 5. Dezember 2018, Datenschutz und Garantien f\u00fcr digitale Rechte m\u00fcssen Sie Ihre Pers\u00f6nlichkeit gegen\u00fcber Delta Technical Management SL beweisen, indem Sie eine Fotokopie des Personalausweises oder ein anderes gesetzlich g\u00fcltiges Mittel senden. Die \u00c4nderung oder Berichtigung Ihrer Registrierungsdaten kann jedoch auf der Site selbst durchgef\u00fchrt werden, indem Sie sich zuvor mit Ihrem Benutzernamen und Ihrem Passwort identifizieren. <br\/><strong>Sicherheitsma\u00dfnahmen<\/strong><br\/>Delta Technical Management SL. hat die gesetzlich vorgeschriebenen Sicherheitsniveaus f\u00fcr den Schutz personenbezogener Daten angenommen und versucht, diese anderen Mittel und zus\u00e4tzlichen technischen Ma\u00dfnahmen zu installieren, um Verlust, Missbrauch, \u00c4nderung, unbefugten Zugriff und Diebstahl der an Delta Technical \u00fcbermittelten personenbezogenen Daten zu vermeiden Management-SL. Delta Technical Management SL. Es \u00fcbernimmt keine Verantwortung f\u00fcr m\u00f6gliche Sch\u00e4den oder Verluste, die durch St\u00f6rungen, Auslassungen, Unterbrechungen, Computerviren, Telefonausf\u00e4lle oder Unterbrechungen der Betriebsfunktion dieses elektronischen Systems entstehen k\u00f6nnen, die durch Verz\u00f6gerungen oder Blockaden in der au\u00dferhalb von Delta Technical Management SL verursacht werden Nutzung dieses elektronischen Systems verursacht durch M\u00e4ngel oder \u00dcberlastung von Telefonleitungen oder \u00dcberlastung im Rechenzentrum, im Internetsystem oder in anderen elektronischen Systemen sowie Sch\u00e4den, die durch Dritte durch unrechtm\u00e4\u00dfige Eingriffe au\u00dferhalb der Kontrolle von Delta . verursacht werden k\u00f6nnen Technical Management SL Der Benutzer muss sich jedoch bewusst sein, dass die Sicherheitsma\u00dfnahmen des Internets nicht uneinnehmbar sind. <br\/><strong>Annahme und Zustimmung<\/strong><br\/>Der Benutzer erkl\u00e4rt, \u00fcber die Bedingungen zum Schutz personenbezogener Daten informiert worden zu sein, akzeptiert und stimmt der automatisierten Verarbeitung dieser Daten durch Delta Technical Management SL in der in dieser Datenschutzrichtlinie angegebenen Weise und zu den Zwecken zu. Bestimmte auf dem Portal bereitgestellte Dienste k\u00f6nnen besondere Bedingungen mit besonderen Bestimmungen zum Schutz personenbezogener Daten enthalten.<br\/><\/td><\/tr><\/tbody><\/table><\/figure>\n","protected":false},"excerpt":{"rendered":"<p>RECHTLICHE HINWEISE Delta Technical Management SL informiert Sie \u00fcber seine Datenschutzrichtlinie in Bezug auf die Behandlung und den Schutz personenbezogener Daten der Benutzer, die beim Surfen auf der Website https:\/\/deltatm.net gesammelt werden k\u00f6nnen.In diesem Sinne garantiert Delta Technical Management SL die Einhaltung der geltenden Vorschriften zum Schutz personenbezogener Daten, die sich im Organgesetz 3\/2018 vom [&hellip;]<\/p>\n","protected":false},"author":1,"featured_media":0,"parent":0,"menu_order":0,"comment_status":"closed","ping_status":"closed","template":"","meta":{"footnotes":""},"class_list":["post-1460","page","type-page","status-publish","hentry"],"_links":{"self":[{"href":"https:\/\/deltatm.net\/de\/wp-json\/wp\/v2\/pages\/1460","targetHints":{"allow":["GET"]}}],"collection":[{"href":"https:\/\/deltatm.net\/de\/wp-json\/wp\/v2\/pages"}],"about":[{"href":"https:\/\/deltatm.net\/de\/wp-json\/wp\/v2\/types\/page"}],"author":[{"embeddable":true,"href":"https:\/\/deltatm.net\/de\/wp-json\/wp\/v2\/users\/1"}],"replies":[{"embeddable":true,"href":"https:\/\/deltatm.net\/de\/wp-json\/wp\/v2\/comments?post=1460"}],"version-history":[{"count":2,"href":"https:\/\/deltatm.net\/de\/wp-json\/wp\/v2\/pages\/1460\/revisions"}],"predecessor-version":[{"id":1462,"href":"https:\/\/deltatm.net\/de\/wp-json\/wp\/v2\/pages\/1460\/revisions\/1462"}],"wp:attachment":[{"href":"https:\/\/deltatm.net\/de\/wp-json\/wp\/v2\/media?parent=1460"}],"curies":[{"name":"wp","href":"https:\/\/api.w.org\/{rel}","templated":true}]}}