{"id":1389,"date":"2021-12-28T05:59:03","date_gmt":"2021-12-28T05:59:03","guid":{"rendered":"https:\/\/deltatm.net\/rehabilitation\/"},"modified":"2024-06-03T12:00:48","modified_gmt":"2024-06-03T10:00:48","slug":"rehabilitation","status":"publish","type":"page","link":"https:\/\/deltatm.net\/de\/rehabilitation\/","title":{"rendered":"Rehabilitation"},"content":{"rendered":"\t\t<div data-elementor-type=\"wp-page\" data-elementor-id=\"1389\" class=\"elementor elementor-1389 elementor-225\" data-elementor-post-type=\"page\">\n\t\t\t\t\t\t<section class=\"elementor-section elementor-top-section elementor-element elementor-element-f94037b elementor-section-height-min-height elementor-section-boxed elementor-section-height-default elementor-section-items-middle\" data-id=\"f94037b\" data-element_type=\"section\" data-e-type=\"section\" data-settings=\"{&quot;background_background&quot;:&quot;classic&quot;}\">\n\t\t\t\t\t\t\t<div class=\"elementor-background-overlay\"><\/div>\n\t\t\t\t\t\t\t<div class=\"elementor-container elementor-column-gap-default\">\n\t\t\t\t\t<div class=\"elementor-column elementor-col-100 elementor-top-column elementor-element elementor-element-92968bf\" data-id=\"92968bf\" data-element_type=\"column\" data-e-type=\"column\">\n\t\t\t<div class=\"elementor-widget-wrap elementor-element-populated\">\n\t\t\t\t\t\t<section class=\"elementor-section elementor-inner-section elementor-element elementor-element-4464c85 elementor-section-boxed elementor-section-height-default elementor-section-height-default\" data-id=\"4464c85\" data-element_type=\"section\" data-e-type=\"section\">\n\t\t\t\t\t\t<div class=\"elementor-container elementor-column-gap-default\">\n\t\t\t\t\t<div class=\"elementor-column elementor-col-100 elementor-inner-column elementor-element elementor-element-612ba16\" data-id=\"612ba16\" data-element_type=\"column\" data-e-type=\"column\">\n\t\t\t<div class=\"elementor-widget-wrap elementor-element-populated\">\n\t\t\t\t\t\t<div class=\"elementor-element elementor-element-2834241 elementor-widget elementor-widget-heading\" data-id=\"2834241\" data-element_type=\"widget\" data-e-type=\"widget\" data-widget_type=\"heading.default\">\n\t\t\t\t<div class=\"elementor-widget-container\">\n\t\t\t\t\t<h1 class=\"elementor-heading-title elementor-size-default\">Rehabilitation<\/h1>\t\t\t\t<\/div>\n\t\t\t\t<\/div>\n\t\t\t\t<div class=\"elementor-element elementor-element-f9afcf6 elementor-widget-divider--view-line elementor-widget elementor-widget-divider\" data-id=\"f9afcf6\" data-element_type=\"widget\" data-e-type=\"widget\" data-widget_type=\"divider.default\">\n\t\t\t\t<div class=\"elementor-widget-container\">\n\t\t\t\t\t\t\t<div class=\"elementor-divider\">\n\t\t\t<span class=\"elementor-divider-separator\">\n\t\t\t\t\t\t<\/span>\n\t\t<\/div>\n\t\t\t\t\t\t<\/div>\n\t\t\t\t<\/div>\n\t\t\t\t<div class=\"elementor-element elementor-element-660e696 elementor-widget elementor-widget-text-editor\" data-id=\"660e696\" data-element_type=\"widget\" data-e-type=\"widget\" data-widget_type=\"text-editor.default\">\n\t\t\t\t<div class=\"elementor-widget-container\">\n\t\t\t\t\t\t\t\t\t<p>Auf Qualit\u00e4t setzen, sich an neue Vorschriften anpassen und L\u00f6sungen vorschlagen sind die 3 Kernpunkte, die uns zusammen mit unserer langj\u00e4hrigen Erfahrung zu qualitativ hochwertigen Restaurationen f\u00fchren. Befriedigung der Bed\u00fcrfnisse unserer Kunden und Begleitung w\u00e4hrend des gesamten Prozesses.<\/p>\n\t\t\t\t\t\t\t\t<\/div>\n\t\t\t\t<\/div>\n\t\t\t\t<div class=\"elementor-element elementor-element-3634d15 elementor-align-center elementor-widget elementor-widget-button\" data-id=\"3634d15\" data-element_type=\"widget\" data-e-type=\"widget\" data-widget_type=\"button.default\">\n\t\t\t\t<div class=\"elementor-widget-container\">\n\t\t\t\t\t\t\t\t\t<div class=\"elementor-button-wrapper\">\n\t\t\t\t\t<a class=\"elementor-button elementor-button-link elementor-size-sm\" href=\"https:\/\/lmc.deltatm.net\/contacto\/\">\n\t\t\t\t\t\t<span class=\"elementor-button-content-wrapper\">\n\t\t\t\t\t\t\t\t\t<span class=\"elementor-button-text\">Kontakt<\/span>\n\t\t\t\t\t<\/span>\n\t\t\t\t\t<\/a>\n\t\t\t\t<\/div>\n\t\t\t\t\t\t\t\t<\/div>\n\t\t\t\t<\/div>\n\t\t\t\t\t<\/div>\n\t\t<\/div>\n\t\t\t\t\t<\/div>\n\t\t<\/section>\n\t\t\t\t\t<\/div>\n\t\t<\/div>\n\t\t\t\t\t<\/div>\n\t\t<\/section>\n\t\t\t\t<section class=\"elementor-section elementor-top-section elementor-element elementor-element-4b4f11a elementor-section-content-top elementor-section-boxed elementor-section-height-default elementor-section-height-default\" data-id=\"4b4f11a\" data-element_type=\"section\" data-e-type=\"section\" data-settings=\"{&quot;background_background&quot;:&quot;classic&quot;,&quot;background_motion_fx_motion_fx_scrolling&quot;:&quot;yes&quot;,&quot;background_motion_fx_translateY_effect&quot;:&quot;yes&quot;,&quot;background_motion_fx_translateY_speed&quot;:{&quot;unit&quot;:&quot;px&quot;,&quot;size&quot;:4,&quot;sizes&quot;:[]},&quot;background_motion_fx_translateY_affectedRange&quot;:{&quot;unit&quot;:&quot;%&quot;,&quot;size&quot;:&quot;&quot;,&quot;sizes&quot;:{&quot;start&quot;:0,&quot;end&quot;:100}},&quot;background_motion_fx_devices&quot;:[&quot;desktop&quot;,&quot;tablet&quot;,&quot;mobile&quot;]}\">\n\t\t\t\t\t\t<div class=\"elementor-container elementor-column-gap-default\">\n\t\t\t\t\t<div class=\"elementor-column elementor-col-100 elementor-top-column elementor-element elementor-element-08c9cac\" data-id=\"08c9cac\" data-element_type=\"column\" data-e-type=\"column\">\n\t\t\t<div class=\"elementor-widget-wrap elementor-element-populated\">\n\t\t\t\t\t\t<div class=\"elementor-element elementor-element-3497e15 elementor-widget elementor-widget-text-editor\" data-id=\"3497e15\" data-element_type=\"widget\" data-e-type=\"widget\" data-widget_type=\"text-editor.default\">\n\t\t\t\t<div class=\"elementor-widget-container\">\n\t\t\t\t\t\t\t\t\t<p>Bei der Sanierung oder Renovierung eines Eigenheims setzen wir neben wie immer auf Qualit\u00e4t beim Bauen auch auf die Anpassung des Elements an die neuen Energieeffizienzvorschriften, da wir wissen, dass Energiesparen einer der einfacheren und wirkungsvolleren Wege ist zum Umweltschutz beizutragen.<\/p>\n<p>Bei Delta TM schlagen wir L\u00f6sungen vor, die die St\u00e4rken des urspr\u00fcnglichen Elements respektieren und es in einen zeitgen\u00f6ssischen Raum verwandeln. Dies ist dank unserer breiten Palette an Ressourcen m\u00f6glich, die es uns erm\u00f6glicht, uns flexibel an die unterschiedlichen Bed\u00fcrfnisse anzupassen, die w\u00e4hrend der Nutzungsdauer des Hauses auftreten.<\/p>\n<p>Was Delta TM unterscheidet, ist die Beteiligung an 100% des Rehabilitationsprozesses, da wir unsere Kunden bei jedem durchzuf\u00fchrenden Schritt begleiten:<br \/><span style=\"color: var( --e-global-color-text );\">&#8211; Idee<\/span><\/p>\n<p><span style=\"color: var( --e-global-color-text );\">&#8211; Verfahren und Verfahren f\u00fcr Genehmigungen und Lizenzen<\/span><\/p>\n<p><span style=\"color: var( --e-global-color-text );\">&#8211; Richtung der Arbeit<\/span><\/p>\n<p><span style=\"color: var( --e-global-color-text );\">&#8211; Abschluss<\/span><\/p>\n\t\t\t\t\t\t\t\t<\/div>\n\t\t\t\t<\/div>\n\t\t\t\t\t<\/div>\n\t\t<\/div>\n\t\t\t\t\t<\/div>\n\t\t<\/section>\n\t\t\t\t<\/div>\n\t\t","protected":false},"excerpt":{"rendered":"<p>Rehabilitation Auf Qualit\u00e4t setzen, sich an neue Vorschriften anpassen und L\u00f6sungen vorschlagen sind die 3 Kernpunkte, die uns zusammen mit unserer langj\u00e4hrigen Erfahrung zu qualitativ hochwertigen Restaurationen f\u00fchren. Befriedigung der Bed\u00fcrfnisse unserer Kunden und Begleitung w\u00e4hrend des gesamten Prozesses. Kontakt Bei der Sanierung oder Renovierung eines Eigenheims setzen wir neben wie immer auf Qualit\u00e4t beim [&hellip;]<\/p>\n","protected":false},"author":1,"featured_media":0,"parent":0,"menu_order":0,"comment_status":"closed","ping_status":"closed","template":"","meta":{"footnotes":""},"class_list":["post-1389","page","type-page","status-publish","hentry"],"_links":{"self":[{"href":"https:\/\/deltatm.net\/de\/wp-json\/wp\/v2\/pages\/1389","targetHints":{"allow":["GET"]}}],"collection":[{"href":"https:\/\/deltatm.net\/de\/wp-json\/wp\/v2\/pages"}],"about":[{"href":"https:\/\/deltatm.net\/de\/wp-json\/wp\/v2\/types\/page"}],"author":[{"embeddable":true,"href":"https:\/\/deltatm.net\/de\/wp-json\/wp\/v2\/users\/1"}],"replies":[{"embeddable":true,"href":"https:\/\/deltatm.net\/de\/wp-json\/wp\/v2\/comments?post=1389"}],"version-history":[{"count":2,"href":"https:\/\/deltatm.net\/de\/wp-json\/wp\/v2\/pages\/1389\/revisions"}],"predecessor-version":[{"id":1415,"href":"https:\/\/deltatm.net\/de\/wp-json\/wp\/v2\/pages\/1389\/revisions\/1415"}],"wp:attachment":[{"href":"https:\/\/deltatm.net\/de\/wp-json\/wp\/v2\/media?parent=1389"}],"curies":[{"name":"wp","href":"https:\/\/api.w.org\/{rel}","templated":true}]}}