{"id":1365,"date":"2021-12-28T05:58:58","date_gmt":"2021-12-28T05:58:58","guid":{"rendered":"https:\/\/deltatm.net\/kollektive\/"},"modified":"2024-06-03T12:07:48","modified_gmt":"2024-06-03T10:07:48","slug":"kollektive","status":"publish","type":"page","link":"https:\/\/deltatm.net\/de\/kollektive\/","title":{"rendered":"Kollektive"},"content":{"rendered":"\t\t<div data-elementor-type=\"wp-page\" data-elementor-id=\"1365\" class=\"elementor elementor-1365 elementor-226\" data-elementor-post-type=\"page\">\n\t\t\t\t\t\t<section class=\"elementor-section elementor-top-section elementor-element elementor-element-c3d12fb elementor-section-height-min-height elementor-section-boxed elementor-section-height-default elementor-section-items-middle\" data-id=\"c3d12fb\" data-element_type=\"section\" data-e-type=\"section\" data-settings=\"{&quot;background_background&quot;:&quot;classic&quot;}\">\n\t\t\t\t\t\t\t<div class=\"elementor-background-overlay\"><\/div>\n\t\t\t\t\t\t\t<div class=\"elementor-container elementor-column-gap-default\">\n\t\t\t\t\t<div class=\"elementor-column elementor-col-100 elementor-top-column elementor-element elementor-element-ceff32a\" data-id=\"ceff32a\" data-element_type=\"column\" data-e-type=\"column\">\n\t\t\t<div class=\"elementor-widget-wrap elementor-element-populated\">\n\t\t\t\t\t\t<section class=\"elementor-section elementor-inner-section elementor-element elementor-element-c807738 elementor-section-boxed elementor-section-height-default elementor-section-height-default\" data-id=\"c807738\" data-element_type=\"section\" data-e-type=\"section\">\n\t\t\t\t\t\t<div class=\"elementor-container elementor-column-gap-default\">\n\t\t\t\t\t<div class=\"elementor-column elementor-col-100 elementor-inner-column elementor-element elementor-element-d6aa03a\" data-id=\"d6aa03a\" data-element_type=\"column\" data-e-type=\"column\">\n\t\t\t<div class=\"elementor-widget-wrap elementor-element-populated\">\n\t\t\t\t\t\t<div class=\"elementor-element elementor-element-458944b elementor-widget elementor-widget-heading\" data-id=\"458944b\" data-element_type=\"widget\" data-e-type=\"widget\" data-widget_type=\"heading.default\">\n\t\t\t\t<div class=\"elementor-widget-container\">\n\t\t\t\t\t<h1 class=\"elementor-heading-title elementor-size-default\">Kollektive<\/h1>\t\t\t\t<\/div>\n\t\t\t\t<\/div>\n\t\t\t\t<div class=\"elementor-element elementor-element-f094791 elementor-widget-divider--view-line elementor-widget elementor-widget-divider\" data-id=\"f094791\" data-element_type=\"widget\" data-e-type=\"widget\" data-widget_type=\"divider.default\">\n\t\t\t\t<div class=\"elementor-widget-container\">\n\t\t\t\t\t\t\t<div class=\"elementor-divider\">\n\t\t\t<span class=\"elementor-divider-separator\">\n\t\t\t\t\t\t<\/span>\n\t\t<\/div>\n\t\t\t\t\t\t<\/div>\n\t\t\t\t<\/div>\n\t\t\t\t<div class=\"elementor-element elementor-element-4c58b9b elementor-widget elementor-widget-text-editor\" data-id=\"4c58b9b\" data-element_type=\"widget\" data-e-type=\"widget\" data-widget_type=\"text-editor.default\">\n\t\t\t\t<div class=\"elementor-widget-container\">\n\t\t\t\t\t\t\t\t\t<p>Wir m\u00f6chten nicht vor Ort an der L\u00f6sung von Problemen arbeiten, daher antizipieren wir von Anfang an, die Anforderungen unserer Kunden zu erf\u00fcllen und die fachlichen Anforderungen a priori zu erf\u00fcllen.<\/p>\n\t\t\t\t\t\t\t\t<\/div>\n\t\t\t\t<\/div>\n\t\t\t\t<div class=\"elementor-element elementor-element-6a875ec elementor-align-center elementor-widget elementor-widget-button\" data-id=\"6a875ec\" data-element_type=\"widget\" data-e-type=\"widget\" data-widget_type=\"button.default\">\n\t\t\t\t<div class=\"elementor-widget-container\">\n\t\t\t\t\t\t\t\t\t<div class=\"elementor-button-wrapper\">\n\t\t\t\t\t<a class=\"elementor-button elementor-button-link elementor-size-sm\" href=\"https:\/\/lmc.deltatm.net\/contacto\/\">\n\t\t\t\t\t\t<span class=\"elementor-button-content-wrapper\">\n\t\t\t\t\t\t\t\t\t<span class=\"elementor-button-text\">Kontakt<\/span>\n\t\t\t\t\t<\/span>\n\t\t\t\t\t<\/a>\n\t\t\t\t<\/div>\n\t\t\t\t\t\t\t\t<\/div>\n\t\t\t\t<\/div>\n\t\t\t\t\t<\/div>\n\t\t<\/div>\n\t\t\t\t\t<\/div>\n\t\t<\/section>\n\t\t\t\t\t<\/div>\n\t\t<\/div>\n\t\t\t\t\t<\/div>\n\t\t<\/section>\n\t\t\t\t<section class=\"elementor-section elementor-top-section elementor-element elementor-element-938cbb4 elementor-section-content-top elementor-section-boxed elementor-section-height-default elementor-section-height-default\" data-id=\"938cbb4\" data-element_type=\"section\" data-e-type=\"section\" data-settings=\"{&quot;background_background&quot;:&quot;classic&quot;,&quot;background_motion_fx_motion_fx_scrolling&quot;:&quot;yes&quot;,&quot;background_motion_fx_translateY_effect&quot;:&quot;yes&quot;,&quot;background_motion_fx_translateY_speed&quot;:{&quot;unit&quot;:&quot;px&quot;,&quot;size&quot;:4,&quot;sizes&quot;:[]},&quot;background_motion_fx_translateY_affectedRange&quot;:{&quot;unit&quot;:&quot;%&quot;,&quot;size&quot;:&quot;&quot;,&quot;sizes&quot;:{&quot;start&quot;:0,&quot;end&quot;:100}},&quot;background_motion_fx_devices&quot;:[&quot;desktop&quot;,&quot;tablet&quot;,&quot;mobile&quot;]}\">\n\t\t\t\t\t\t<div class=\"elementor-container elementor-column-gap-default\">\n\t\t\t\t\t<div class=\"elementor-column elementor-col-100 elementor-top-column elementor-element elementor-element-8eedf02\" data-id=\"8eedf02\" data-element_type=\"column\" data-e-type=\"column\">\n\t\t\t<div class=\"elementor-widget-wrap elementor-element-populated\">\n\t\t\t\t\t\t<div class=\"elementor-element elementor-element-999e40b elementor-widget elementor-widget-text-editor\" data-id=\"999e40b\" data-element_type=\"widget\" data-e-type=\"widget\" data-widget_type=\"text-editor.default\">\n\t\t\t\t<div class=\"elementor-widget-container\">\n\t\t\t\t\t\t\t\t\t<p>Das Architekturprojekt erm\u00f6glicht es uns, das Endergebnis des zu bauenden Elements auf formaler, konstruktiver und Kostenebene zu definieren, da unsere Machbarkeitsstudien es uns erm\u00f6glichen zu \u00fcberpr\u00fcfen, ob die Ziele in Bezug auf das gew\u00e4hlte Grundst\u00fcck, die geplante Konstruktion und die Budget.<\/p>\n<p> Die verschiedenen Phasen des Projekts gehen auf die Anforderungen unserer Auftraggeber ein, von der Entwicklung der Idee mit dem Vorprojekt, der Lizenzanfrage mit dem Basisprojekt, bis hin zur Entwicklung des Ausf\u00fchrungsprojekts, in dem das Projekt alle technischen , wirtschaftliche und konstruktive Eigenschaften, die eine korrekte Ausf\u00fchrung der Konstruktion erm\u00f6glichen.<\/p>\n<p> Wir m\u00f6chten nicht vor Ort an der L\u00f6sung von Problemen arbeiten, deshalb denken wir von Anfang an \u00fcber das konstruktive Detail nach, bei der Entwicklung der Projektphasen ber\u00fccksichtigen wir immer den n\u00e4chsten Schritt und antizipieren das Detail aus der tiefen Kenntnis unserer Werke .<\/p>\n\t\t\t\t\t\t\t\t<\/div>\n\t\t\t\t<\/div>\n\t\t\t\t\t<\/div>\n\t\t<\/div>\n\t\t\t\t\t<\/div>\n\t\t<\/section>\n\t\t\t\t<\/div>\n\t\t","protected":false},"excerpt":{"rendered":"<p>Kollektive Wir m\u00f6chten nicht vor Ort an der L\u00f6sung von Problemen arbeiten, daher antizipieren wir von Anfang an, die Anforderungen unserer Kunden zu erf\u00fcllen und die fachlichen Anforderungen a priori zu erf\u00fcllen. Kontakt Das Architekturprojekt erm\u00f6glicht es uns, das Endergebnis des zu bauenden Elements auf formaler, konstruktiver und Kostenebene zu definieren, da unsere Machbarkeitsstudien es [&hellip;]<\/p>\n","protected":false},"author":1,"featured_media":0,"parent":0,"menu_order":0,"comment_status":"closed","ping_status":"closed","template":"","meta":{"footnotes":""},"class_list":["post-1365","page","type-page","status-publish","hentry"],"_links":{"self":[{"href":"https:\/\/deltatm.net\/de\/wp-json\/wp\/v2\/pages\/1365","targetHints":{"allow":["GET"]}}],"collection":[{"href":"https:\/\/deltatm.net\/de\/wp-json\/wp\/v2\/pages"}],"about":[{"href":"https:\/\/deltatm.net\/de\/wp-json\/wp\/v2\/types\/page"}],"author":[{"embeddable":true,"href":"https:\/\/deltatm.net\/de\/wp-json\/wp\/v2\/users\/1"}],"replies":[{"embeddable":true,"href":"https:\/\/deltatm.net\/de\/wp-json\/wp\/v2\/comments?post=1365"}],"version-history":[{"count":2,"href":"https:\/\/deltatm.net\/de\/wp-json\/wp\/v2\/pages\/1365\/revisions"}],"predecessor-version":[{"id":1370,"href":"https:\/\/deltatm.net\/de\/wp-json\/wp\/v2\/pages\/1365\/revisions\/1370"}],"wp:attachment":[{"href":"https:\/\/deltatm.net\/de\/wp-json\/wp\/v2\/media?parent=1365"}],"curies":[{"name":"wp","href":"https:\/\/api.w.org\/{rel}","templated":true}]}}