{"id":1351,"date":"2021-12-28T05:58:55","date_gmt":"2021-12-28T05:58:55","guid":{"rendered":"https:\/\/deltatm.net\/cookie-richtlinie\/"},"modified":"2024-06-03T12:26:13","modified_gmt":"2024-06-03T10:26:13","slug":"cookie-richtlinie","status":"publish","type":"page","link":"https:\/\/deltatm.net\/de\/cookie-richtlinie\/","title":{"rendered":"Cookie-Richtlinie"},"content":{"rendered":"\n<p>In \u00dcbereinstimmung mit Artikel 22 des Gesetzes 34\/2002 vom 11. Juli \u00fcber die Dienste der Informationsgesellschaft und den elektronischen Gesch\u00e4ftsverkehr (LSSI) in Bezug auf die Verordnung (EU) 2016\/679 des Europ\u00e4ischen Parlaments und des Rates vom 27. April 2016 , General Data Protection (RGPD) und Organic Law 3\/2018, vom 5. Dezember, Datenschutz und Garantie der digitalen Rechte (LOPDGDD), Delta Technical Management SL. stellt den Benutzern die Cookie-Erfassungs- und -Behandlungsrichtlinie der Website zur Verf\u00fcgung.<\/p>\n\n<p>Was sind Cookies<\/p>\n\n<p>Ein Cookie ist eine Datei, die auf Ihren Computer heruntergeladen wird, wenn Sie bestimmte Webseiten aufrufen. Cookies erm\u00f6glichen es einer Webseite unter anderem, Informationen \u00fcber Ihr Surfverhalten zu speichern und abzurufen und &#8211; je nach den darin enthaltenen Informationen und der Art und Weise, wie Sie Ihre Ger\u00e4te verwenden &#8211; k\u00f6nnen sie verwendet werden, um Sie zu identifizieren.<\/p>\n\n<p>Auf der Website verwendete Cookies<\/p>\n\n<p>Die von der Website <a href=\"https:\/\/deltatm.net\/de\/?page_id=1351\">https:\/\/deltatm.net<\/a> verwendeten Cookies sind wie folgt klassifiziert:<\/p>\n\n<p><strong>Nach Angaben der Stelle, die sie verwaltet<\/strong><\/p>\n\n<ul class=\"wp-block-list\"><li><strong>Eigene Cookies:<\/strong> Sie werden direkt von Delta Technical Management SL gesendet und verwaltet.<\/li><li><strong>Cookies von Drittanbietern:<\/strong> Dies sind diejenigen, die von einer anderen Dom\u00e4ne als Delta Technical Management SL an den Benutzer gesendet werden.<\/li><\/ul>\n\n<p><strong>Nach seinem Zweck<\/strong><\/p>\n\n<ul class=\"wp-block-list\"><li><strong>Technische Cookies:<\/strong> Dies sind diejenigen, die es registrierten Benutzern erm\u00f6glichen, durch die Website, den eingeschr\u00e4nkten Bereich zu navigieren und ihre verschiedenen Funktionen wie das Kommentarsystem oder die Suchmaschine zu nutzen.<\/li><li><strong>Personalisierungs-Cookies:<\/strong> Dies sind diejenigen, die Benutzern den Zugriff auf den Dienst mit einigen vordefinierten allgemeinen Eigenschaften basierend auf einer Reihe von vom Benutzer festgelegten Kriterien erm\u00f6glichen, wie z. B. der Sprache oder des Browsertyps, \u00fcber den sie sich mit dieser Website verbinden.<\/li><li><strong>Analyse- oder Mess-Cookies:<\/strong> Sie sind diejenigen, die, von der Website oder von Dritten gut behandelt, die Quantifizierung der Anzahl der Benutzer erm\u00f6glichen und somit die Messung und statistische Analyse der Nutzung der Website durch die Benutzer durchf\u00fchren. Dazu wird Ihre Navigation auf dieser Website analysiert, um sie zu verbessern.<\/li><\/ul>\n\n<p><strong>Nach seiner Dauer<\/strong><\/p>\n\n<ul class=\"wp-block-list\"><li><strong>Sitzungscookies:<\/strong> Diese dienen dazu, Daten zu sammeln und zu speichern, w\u00e4hrend der Benutzer auf die Website zugreift.<\/li><li><strong>Persistente Cookies:<\/strong> Dies sind solche, bei denen die Daten noch auf dem Endger\u00e4t des Nutzers gespeichert sind und w\u00e4hrend eines vom Cookie-Verantwortlichen festgelegten Zeitraums abgerufen und verarbeitet werden k\u00f6nnen.<\/li><\/ul>\n\n<p>Liste der verwendeten Cookies<\/p>\n\n<p>Diese Website kann die folgenden Cookies installieren:<\/p>\n\n<p><strong>Technische Cookies<\/strong><\/p>\n\n<ul class=\"wp-block-list\"><li><strong>wp-Einstellungen-<\/strong>{user_id} <strong>:<\/strong> Technisches Cookie, das verwendet wird, um die Konfiguration des Benutzers in wp-admin zu verwalten. Es ist hartn\u00e4ckig und dauert 1 Jahr.<\/li><li><strong>hasConsent:<\/strong> Technisches Cookie, das die Zustimmung des Benutzers speichert. Es ist hartn\u00e4ckig und dauert 1 Jahr.<\/li><\/ul>\n\n<p><strong>Analyse- oder Mess-Cookies<\/strong><\/p>\n\n<ul class=\"wp-block-list\"><li><strong>_ga:<\/strong> Analytisches Cookie, das die Kontrolle einzelner Besuche erm\u00f6glicht. Es ist hartn\u00e4ckig und h\u00e4lt 2 Jahre.<\/li><li><strong>_gat:<\/strong> Analytisches Cookie um die Anzahl der Anfragen zu begrenzen. Sein Umfang ist die Sitzung und dauert 1 Minute.<\/li><li><strong>_gid:<\/strong> Analytisches Cookie zur Unterscheidung von Benutzern. Sein Umfang ist die Sitzung und hat eine Dauer von 24 Stunden.<\/li><\/ul>\n\n<p>Zus\u00e4tzliche Information:<\/p>\n\n<ul class=\"wp-block-list\"><li>Google Analytics kann andere Cookies gem\u00e4\u00df dem Dokument <a href=\"https:\/\/developers.google.com\/analytics\/devguides\/collection\/analyticsjs\/cookie-usage?hl=es\" target=\"_blank\" rel=\"noopener\">Verwendung von Google Analytics-Cookies auf Websites<\/a> installieren.<\/li><\/ul>\n\n<p>Die Website kann andere Cookies installieren:<\/p>\n\n<p>wordpress_test_cookie<br\/>wp-Einstellungen- *<\/p>\n\n<p>Annahme oder Ablehnung der Installation von Cookies<\/p>\n\n<p>Delta Technical Management SL zeigt Informationen \u00fcber seine Cookie-Richtlinie im Cookie-Banner an, auf das auf allen Seiten der Website zugegriffen werden kann. Das Cookie-Banner zeigt wesentliche Informationen zur Datenverarbeitung an und erm\u00f6glicht dem Nutzer folgende Aktionen:<\/p>\n\n<ul class=\"wp-block-list\"><li><strong>Akzeptieren oder lehnen Sie die Installation von Cookies ab<\/strong> oder widerrufen Sie die zuvor erteilte Zustimmung.<\/li><li><strong>\u00c4ndern Sie die Cookie<\/strong> -Einstellungen auf der Seite <a href=\"https:\/\/deltatm.net\/de\/cookies-personalisieren\/\">Cookies personalisieren<\/a> , auf die Sie \u00fcber den Cookie-Hinweis zugreifen k\u00f6nnen.<\/li><li><strong>Weitere Informationen<\/strong> zur Cookie-Richtlinie erhalten Sie auf der Seite Cookie- <a href=\"https:\/\/deltatm.net\/de\/?page_id=1351\">Richtlinie<\/a> .<\/li><\/ul>\n\n<p>Beseitigung von Cookies<\/p>\n\n<p>Sie k\u00f6nnen die auf Ihrem Computer installierten Cookies akzeptieren, blockieren oder l\u00f6schen, indem Sie Ihre Browseroptionen konfigurieren, aber ein Teil der Website funktioniert nicht richtig oder ihre Qualit\u00e4t kann beeintr\u00e4chtigt werden.<\/p>\n\n<p>In den folgenden Links finden Sie Anweisungen zum Aktivieren oder Deaktivieren von Cookies in den g\u00e4ngigsten Browsern.<\/p>\n\n<ul class=\"wp-block-list\"><li><strong>Firefox<\/strong> <a href=\"http:\/\/support.mozilla.org\/es\/kb\/habilitar-y-deshabilitar-cookies-que-los-sitios-we\" target=\"_blank\" rel=\"noopener\">http:\/\/support.mozilla.org\/es\/kb\/habilitar-y-deshabilitar-cookies-que-los-sitios-we<\/a><\/li><li><strong>Google Chrome<\/strong> <a href=\"https:\/\/support.google.com\/chrome\/answer\/95647?hl=es\" target=\"_blank\" rel=\"noopener\">https:\/\/support.google.com\/chrome\/answer\/95647?hl=es<\/a><\/li><li><strong>Internet Explorer<\/strong> <a href=\"https:\/\/support.microsoft.com\/es-es\/help\/17442\/windows-internet-explorer-delete-manage-cookies#ie=%22ie-10%22\" target=\"_blank\" rel=\"noopener\">https:\/\/support.microsoft.com\/es-es\/help\/17442\/windows-internet-explorer-delete-manage-cookies#ie=&#8220;ie-10&#8243;<\/a><\/li><li><strong>Microsoft Edge<\/strong> <a href=\"https:\/\/support.microsoft.com\/es-es\/help\/4468242\/microsoft-edge-browsing-data-and-privacy\" target=\"_blank\" rel=\"noopener\">https:\/\/support.microsoft.com\/es-es\/help\/4468242\/microsoft-edge-browsing-data-and-privacy<\/a><\/li><li><strong>Safari<\/strong> <a href=\"http:\/\/support.apple.com\/kb\/HT1677?viewlocale=es_ES\" target=\"_blank\" rel=\"noopener\">http:\/\/support.apple.com\/kb\/HT1677?viewlocale=es_ES<\/a><\/li><\/ul>\n\n<p>Verarbeitung personenbezogener Daten<\/p>\n\n<p>Delta Technical Management SL ist f\u00fcr die Verarbeitung der personenbezogenen Daten des Benutzers verantwortlich. Sie k\u00f6nnen alle Informationen zur Verarbeitung personenbezogener Daten, die der Eigent\u00fcmer sammelt, auf der Seite <a href=\"https:\/\/deltatm.net\/de\/datenschutz-bestimmungen\/\">Datenschutz einsehen<\/a> .<\/p>\n\n<p>Kontakt<\/p>\n\n<p>Falls Sie Fragen zu dieser Cookie-Richtlinie haben oder Kommentare zu dieser Website abgeben m\u00f6chten, k\u00f6nnen Sie eine E-Mail an die Adresse info@deltatm.net senden.<\/p>\n\n<p>DELTA TECHNICAL MANAGEMENT SL sammelt durch dieses Dokument seine Richtlinien f\u00fcr die Sammlung und Behandlung von Cookies in \u00dcbereinstimmung mit den Bestimmungen von Artikel 22.2 des Gesetzes 34\/2002 vom 11. Juli \u00fcber die Dienste der Informationsgesellschaft und den elektronischen Handel (LSSICE).<\/p>\n\n<p>Cookies werden auf dem Endger\u00e4t des Benutzers (Computer oder mobiles Ger\u00e4t) gespeichert und sammeln Informationen beim Besuch der Website www.dreamsunspain.com, um ihre Benutzerfreundlichkeit zu verbessern, die Surfgewohnheiten oder Bed\u00fcrfnisse der Benutzer zu kennen, um sich anpassen zu k\u00f6nnen sowie Informationen zu statistischen Zwecken zu erhalten. Im Fall von Benutzern, die bereits Kunden der Einrichtung sind, dienen die mit den Cookies gesammelten Informationen auch dazu, sie beim Zugriff auf die verschiedenen Tools zu identifizieren, die ihnen die Einrichtung zur Verwaltung der Dienste zur Verf\u00fcgung stellt.<\/p>\n\n<p>Diese Cookie-Richtlinie gilt f\u00fcr diejenigen Benutzer, die freiwillig die Webseiten des Unternehmens besuchen, Formulare zur Datenerfassung ausf\u00fcllen, auf die Tools zugreifen, die das Unternehmen seinen Kunden zur Verwaltung seiner Dienste zur Verf\u00fcgung stellt, oder andere auf der Website vorhandene Dienste nutzen, die dies beinhalten die \u00dcbermittlung von Daten an das Unternehmen oder den Zugriff auf Daten durch das Unternehmen zur Erbringung seiner Dienstleistungen.<\/p>\n\n<p>Das Unternehmen informiert die Benutzer seiner Webseiten \u00fcber das Vorhandensein von Cookies und stellt ihnen diese Richtlinie zur Verf\u00fcgung, um sie \u00fcber deren Verwendung und Zweck zu informieren. Die Tatsache, dass Sie weiterhin auf ihren Seiten surfen, setzt die Kenntnis und Annahme dieser Richtlinie durch diese Benutzer voraus.<\/p>\n\n<p>DELTA TECHNICAL MANAGEMENT SL verwendet die folgenden Arten von Cookies:<\/p>\n\n<p>Klassifiziert nach Eigentum:<\/p>\n\n<p> * Eigene Cookies: direkt vom Unternehmen gesendet und verwaltet.<\/p>\n\n<p> * Cookies von Drittanbietern: werden anonym von einem Dritten au\u00dferhalb des Unternehmens gesendet und verwaltet, um statistische Studien der Navigation durch die Webseiten des Unternehmens durchzuf\u00fchren.<\/p>\n\n<p>Nach Zweck geordnet:<\/p>\n\n<p> * Technische und \/ oder Personalisierungs-Cookies: Sie erleichtern die Navigation, indem sie die Sitzung identifizieren, den Zugriff auf Tools mit eingeschr\u00e4nktem Zugriff erm\u00f6glichen und die verf\u00fcgbaren Optionen anpassen. Sie erm\u00f6glichen die Bereitstellung des zuvor vom Benutzer angeforderten Dienstes.<\/p>\n\n<p> * Analyse- und \/ oder Werbe-Cookies: Sie erm\u00f6glichen es, die Anzahl der Besuche in den verschiedenen Abschnitten der Webseiten, die Gewohnheiten und Trends der Benutzer zu erfahren und folglich die Navigation und den von der Einrichtung angebotenen Service zu verbessern ( grunds\u00e4tzlich Google Analytics) sowie die Verwaltung der Werbefl\u00e4chen, die in der vom Nutzer besuchten Website enthalten sind. Es sammelt anonym Daten, um Benutzerprofile zu erhalten.<\/p>\n\n<p>Geordnet nach ihrer Dauer:<\/p>\n\n<p> * Sitzungscookies: sammeln und speichern Daten, w\u00e4hrend der Benutzer auf die Website zugreift.<\/p>\n\n<p> * Dauerhafte Cookies: sammeln und speichern Daten auf dem Endger\u00e4t des Benutzers f\u00fcr einen variablen Zeitraum, je nach Zweck, f\u00fcr den sie verwendet wurden.<\/p>\n\n<p>Die Aufbewahrungszeit von Cookies h\u00e4ngt von der jeweiligen Art ab und ist immer das Minimum, das zur Erf\u00fcllung ihres Zwecks erforderlich ist.<\/p>\n\n<p>In jedem Fall k\u00f6nnen Benutzer ihren Browser so konfigurieren, dass der Empfang aller oder einiger Cookies deaktiviert oder blockiert wird. Die Tatsache, dass Sie diese Cookies nicht erhalten m\u00f6chten, stellt kein Hindernis f\u00fcr den Zugriff auf die Informationen auf den Websites des Unternehmens dar, obwohl die Nutzung einiger Dienste eingeschr\u00e4nkt sein kann. Wenn die Zustimmung zum Empfang von Cookies erteilt wurde und diese widerrufen werden soll, m\u00fcssen die auf dem Computer des Benutzers gespeicherten Cookies \u00fcber die Optionen der verschiedenen Browser gel\u00f6scht werden.<\/p>\n\n<p>Wie Sie die verschiedenen Browser konfigurieren k\u00f6nnen, um die in den vorherigen Abs\u00e4tzen angegebenen Aktionen auszuf\u00fchren, finden Sie unter:<\/p>\n\n<p> * Explorer: http:\/\/windows.microsoft.com\/es-es\/windows7\/how-to-manage-cookies-in-internet-explorer-9<\/p>\n\n<p> * Chrome: https:\/\/support.google.com\/chrome\/answer\/95647?hl=es<\/p>\n\n<p> * Firefox: http:\/\/support.mozilla.org\/es\/kb\/cookies-informacion-que-los-sitios-web-guardan-en-?redirectlocale=en-US&amp;redirectslug=Cookies<\/p>\n","protected":false},"excerpt":{"rendered":"<p>In \u00dcbereinstimmung mit Artikel 22 des Gesetzes 34\/2002 vom 11. Juli \u00fcber die Dienste der Informationsgesellschaft und den elektronischen Gesch\u00e4ftsverkehr (LSSI) in Bezug auf die Verordnung (EU) 2016\/679 des Europ\u00e4ischen Parlaments und des Rates vom 27. April 2016 , General Data Protection (RGPD) und Organic Law 3\/2018, vom 5. Dezember, Datenschutz und Garantie der digitalen [&hellip;]<\/p>\n","protected":false},"author":1,"featured_media":0,"parent":0,"menu_order":0,"comment_status":"closed","ping_status":"closed","template":"","meta":{"footnotes":""},"class_list":["post-1351","page","type-page","status-publish","hentry"],"_links":{"self":[{"href":"https:\/\/deltatm.net\/de\/wp-json\/wp\/v2\/pages\/1351","targetHints":{"allow":["GET"]}}],"collection":[{"href":"https:\/\/deltatm.net\/de\/wp-json\/wp\/v2\/pages"}],"about":[{"href":"https:\/\/deltatm.net\/de\/wp-json\/wp\/v2\/types\/page"}],"author":[{"embeddable":true,"href":"https:\/\/deltatm.net\/de\/wp-json\/wp\/v2\/users\/1"}],"replies":[{"embeddable":true,"href":"https:\/\/deltatm.net\/de\/wp-json\/wp\/v2\/comments?post=1351"}],"version-history":[{"count":2,"href":"https:\/\/deltatm.net\/de\/wp-json\/wp\/v2\/pages\/1351\/revisions"}],"predecessor-version":[{"id":1369,"href":"https:\/\/deltatm.net\/de\/wp-json\/wp\/v2\/pages\/1351\/revisions\/1369"}],"wp:attachment":[{"href":"https:\/\/deltatm.net\/de\/wp-json\/wp\/v2\/media?parent=1351"}],"curies":[{"name":"wp","href":"https:\/\/api.w.org\/{rel}","templated":true}]}}