{"id":1337,"date":"2021-12-28T05:58:45","date_gmt":"2021-12-28T05:58:45","guid":{"rendered":"https:\/\/deltatm.net\/rechtlicher-hinweis\/"},"modified":"2021-12-28T05:59:22","modified_gmt":"2021-12-28T05:59:22","slug":"rechtlicher-hinweis","status":"publish","type":"page","link":"https:\/\/deltatm.net\/de\/rechtlicher-hinweis\/","title":{"rendered":"Rechtlicher Hinweis"},"content":{"rendered":"\n<p>Dieser rechtliche Hinweis (im Folgenden der &#8222;rechtliche Hinweis&#8220;) regelt die Nutzung des Internetportaldienstes www.wordpress-779048-2668259.cloudwaysapps.com im Besitz von Delta Technical Management SL mit der Adresse Calle Marques de Campo, 60,1\u00ba, 13 (03700) , Denia ( Alicante) und eingetragen im Handelsregister von Alicante, Band 3884, Folio 213, Seite A-146552 1. Eintrag <\/p>\n\n<p><strong>Gesetzgebung <\/strong><\/p>\n\n<p>Im Allgemeinen sind die Beziehungen zwischen Delta Technical Management SL<strong> <\/strong>und die Benutzer seiner im Internet verf\u00fcgbaren Telematikdienste unterliegen der spanischen Gesetzgebung und Gerichtsbarkeit.<\/p>\n\n<p><strong>Inhalt und Verwendung <\/strong><\/p>\n\n<p>Der Benutzer wird informiert und akzeptiert, dass der Zugriff auf diese Website in keiner Weise den Beginn einer Gesch\u00e4ftsbeziehung mit dem Unternehmen bedeutet. <\/p>\n\n<p>Der Inhaber der Website identifiziert sich nicht mit den darin vertretenen Meinungen seiner Mitarbeiter. Das Unternehmen beh\u00e4lt sich das Recht vor, ohne vorherige Ank\u00fcndigung die von ihm f\u00fcr angemessen erachteten \u00c4nderungen an seiner Website vorzunehmen, um sowohl die \u00fcber sie bereitgestellten Inhalte und Dienste als auch die Art und Weise, in der sie pr\u00e4sentiert oder lokalisiert werden, auf ihren Servern zu \u00e4ndern, zu l\u00f6schen oder hinzuzuf\u00fcgen. <\/p>\n\n<p><strong>Geistiges und gewerbliches Eigentum <\/strong><\/p>\n\n<p>Die geistigen Eigentumsrechte des Inhalts der Webseiten, ihrer grafischen Gestaltung und Codes liegen bei<strong> <\/strong>Delta Technisches Management SL<strong> <\/strong>und daher ist seine Vervielf\u00e4ltigung, Verbreitung, \u00f6ffentliche Kommunikation, Umwandlung oder jede andere Aktivit\u00e4t, die mit dem Inhalt seiner Webseiten durchgef\u00fchrt werden kann, ohne die Quellenangabe, au\u00dfer mit schriftlicher Zustimmung von Delta Technical Management SL . verboten<strong> <\/strong>Alle Handelsnamen, Marken oder andere Zeichen jeglicher Art, die auf den Webseiten des Unternehmens enthalten sind, sind Eigentum ihrer Eigent\u00fcmer und sind gesetzlich gesch\u00fctzt. <\/p>\n\n<p><strong>Links<\/strong><\/p>\n\n<p>Das Vorhandensein von Links auf den Webseiten von<strong> <\/strong>Delta Technisches Management SL<strong> <\/strong>Sie dienen nur zu Informationszwecken und implizieren in keinem Fall eine Anregung, Einladung oder Empfehlung.<\/p>\n","protected":false},"excerpt":{"rendered":"<p>Dieser rechtliche Hinweis (im Folgenden der &#8222;rechtliche Hinweis&#8220;) regelt die Nutzung des Internetportaldienstes www.wordpress-779048-2668259.cloudwaysapps.com im Besitz von Delta Technical Management SL mit der Adresse Calle Marques de Campo, 60,1\u00ba, 13 (03700) , Denia ( Alicante) und eingetragen im Handelsregister von Alicante, Band 3884, Folio 213, Seite A-146552 1. Eintrag Gesetzgebung Im Allgemeinen sind die Beziehungen [&hellip;]<\/p>\n","protected":false},"author":1,"featured_media":0,"parent":0,"menu_order":0,"comment_status":"closed","ping_status":"closed","template":"","meta":{"footnotes":""},"class_list":["post-1337","page","type-page","status-publish","hentry"],"_links":{"self":[{"href":"https:\/\/deltatm.net\/de\/wp-json\/wp\/v2\/pages\/1337","targetHints":{"allow":["GET"]}}],"collection":[{"href":"https:\/\/deltatm.net\/de\/wp-json\/wp\/v2\/pages"}],"about":[{"href":"https:\/\/deltatm.net\/de\/wp-json\/wp\/v2\/types\/page"}],"author":[{"embeddable":true,"href":"https:\/\/deltatm.net\/de\/wp-json\/wp\/v2\/users\/1"}],"replies":[{"embeddable":true,"href":"https:\/\/deltatm.net\/de\/wp-json\/wp\/v2\/comments?post=1337"}],"version-history":[{"count":4,"href":"https:\/\/deltatm.net\/de\/wp-json\/wp\/v2\/pages\/1337\/revisions"}],"predecessor-version":[{"id":1372,"href":"https:\/\/deltatm.net\/de\/wp-json\/wp\/v2\/pages\/1337\/revisions\/1372"}],"wp:attachment":[{"href":"https:\/\/deltatm.net\/de\/wp-json\/wp\/v2\/media?parent=1337"}],"curies":[{"name":"wp","href":"https:\/\/api.w.org\/{rel}","templated":true}]}}